{"id":3077,"date":"2025-09-30T16:12:59","date_gmt":"2025-09-30T15:12:59","guid":{"rendered":"https:\/\/bois.maisoninterbois.com\/?post_type=product&#038;p=3077"},"modified":"2026-02-16T09:28:23","modified_gmt":"2026-02-16T08:28:23","slug":"bois-dur-europeen","status":"publish","type":"product","link":"https:\/\/bois.maisoninterbois.com\/en\/product\/bois-dur-europeen\/","title":{"rendered":"Bois Dur Europ\u00e9en"},"content":{"rendered":"<table class=\"wood-table\">\n<tbody>\n<tr>\n<td class=\"img-col\"><a href=\"https:\/\/bois.maisoninterbois.com\/wp-content\/uploads\/2026\/01\/hetre.png\"><img fetchpriority=\"high\" decoding=\"async\" class=\"alignnone size-medium wp-image-2934\" src=\"https:\/\/bois.maisoninterbois.com\/wp-content\/uploads\/2026\/01\/hetre.png\" alt=\"\" width=\"200\" height=\"300\" \/><\/a><\/p>\n<h3 class=\"item-title\">H\u00caTRE<\/h3>\n<dl>\n<dt>Provenances<\/dt>\n<dd>France, Roumanie, Italie, Allemagne<\/dd>\n<dt>DURABILIT\u00c9<\/dt>\n<dd>Classe 2<\/dd>\n<dt>Couleurs<\/dt>\n<dd>Brun clair, allant du blanc cr\u00e8me au rose p\u00e2le avec parfois, des zones rouge\u00e2tres vers le c\u0153ur<\/dd>\n<dt>Finitions<\/dt>\n<dd>Brut de sciage ou rabot\u00e9<\/dd>\n<dt>Humidit\u00e9<\/dt>\n<dd>AD ou KD allant de 28% \u00e0 18%<\/dd>\n<dt>Densit\u00e9 moyenne<\/dt>\n<dd>680 kg\/m\u00b3 (lorsque sec \u00e0 12%)<\/dd>\n<\/dl>\n<\/td>\n<td class=\"img-col\"><a href=\"https:\/\/bois.maisoninterbois.com\/wp-content\/uploads\/2026\/01\/chene.png\"><img decoding=\"async\" class=\"alignnone size-medium wp-image-2935\" src=\"https:\/\/bois.maisoninterbois.com\/wp-content\/uploads\/2026\/01\/chene.png\" alt=\"\" width=\"200\" height=\"300\" \/><\/a><\/p>\n<h3 class=\"item-title\">CH\u00caNE<\/h3>\n<dl>\n<dt>Provenances<\/dt>\n<dd>France, Canada<\/dd>\n<dt>DURABILIT\u00c9<\/dt>\n<dd>Classe 3<\/dd>\n<dt>Couleurs<\/dt>\n<dd>Brun clair, tirant sur le jaune paille, fon\u00e7ant \u00e0 la lumi\u00e8re<\/dd>\n<dt>Finitions<\/dt>\n<dd>Brut de sciage<\/dd>\n<dt>Humidit\u00e9<\/dt>\n<dd>AD ou KD allant de 28% \u00e0 18%<\/dd>\n<dt>Densit\u00e9 moyenne<\/dt>\n<dd>710 kg\/m\u00b3 (lorsque sec \u00e0 12%)<\/dd>\n<\/dl>\n<\/td>\n<td class=\"img-col\"><a href=\"https:\/\/bois.maisoninterbois.com\/wp-content\/uploads\/2026\/01\/frene.png\"><img decoding=\"async\" class=\"alignnone size-medium wp-image-2935\" src=\"https:\/\/bois.maisoninterbois.com\/wp-content\/uploads\/2026\/01\/frene.png\" alt=\"\" width=\"200\" height=\"300\" \/><\/a><\/p>\n<h3 class=\"item-title\">FR\u00caNE<\/h3>\n<dl>\n<dt>Provenances<\/dt>\n<dd>France, Italie<\/dd>\n<dt>DURABILIT\u00c9<\/dt>\n<dd>Classe 1<\/dd>\n<dt>Couleurs<\/dt>\n<dd>Blanc cr\u00e8me \u00e0 l\u2019\u00e9tat frais, jaunit et fonce \u00e0 la lumi\u00e8re<\/dd>\n<dt>Finitions<\/dt>\n<dd>Brut de sciage<\/dd>\n<dt>Humidit\u00e9 \/ Durabilit\u00e9<\/dt>\n<dd>AD ou KD allant de 28% \u00e0 18%<\/dd>\n<dt>Densit\u00e9 moyenne<\/dt>\n<dd>720 kg\/m\u00b3 (lorsque sec \u00e0 12%)<\/dd>\n<\/dl>\n<\/td>\n<\/tr>\n<\/tbody>\n<\/table>","protected":false},"excerpt":{"rendered":"<p><span style=\"color: #000000;\">D\u00e9couvrez notre s\u00e9lection de bois durs europ\u00e9ens, rigoureusement choisis pour leur qualit\u00e9, leur durabilit\u00e9 et leurs excellentes performances m\u00e9caniques. Issus de for\u00eats g\u00e9r\u00e9es durablement, le h\u00eatre, le fr\u00eane et le ch\u00eane sont des essences de r\u00e9f\u00e9rence, largement utilis\u00e9es dans la menuiserie, l\u2019ameublement et l\u2019agencement int\u00e9rieur.<\/span><\/p>\n<p><span style=\"color: #000000;\">Appr\u00e9ci\u00e9s pour leur esth\u00e9tique naturelle, leur stabilit\u00e9 et leur facilit\u00e9 de mise en \u0153uvre, ces bois r\u00e9pondent aux exigences des projets les plus vari\u00e9s, qu\u2019ils soient traditionnels ou contemporains. Notre gamme se d\u00e9cline en plusieurs sections, qualit\u00e9s et finitions, afin de s\u2019adapter aux besoins des professionnels comme des particuliers.<\/span><\/p>\n<p><span style=\"color: #000000;\">Parcourez notre liste de produits et trouvez l\u2019essence id\u00e9ale pour donner vie \u00e0 vos projets, en alliant authenticit\u00e9, r\u00e9sistance et \u00e9l\u00e9gance europ\u00e9enne.<\/span><\/p>","protected":false},"featured_media":3341,"comment_status":"open","ping_status":"closed","template":"","meta":[],"product_brand":[],"product_cat":[15],"product_tag":[],"class_list":{"0":"post-3077","1":"product","2":"type-product","3":"status-publish","4":"has-post-thumbnail","6":"product_cat-interbois","8":"first","9":"instock","10":"shipping-taxable","11":"product-type-simple","12":"layout-style-2","13":"col-md-4 col-sm-4 col-xs-6","14":"col-lg-3","15":"product-has-gallery","16":"product-style-addtocart"},"yoast_head":"<!-- This site is optimized with the Yoast SEO plugin v27.3 - https:\/\/yoast.com\/product\/yoast-seo-wordpress\/ -->\n<title>Bois Dur Europ\u00e9en - INTERBOIS BOIS ET D\u00c9RIV\u00c9<\/title>\n<meta name=\"description\" content=\"Fond\u00e9e en 1979, Interbois est une soci\u00e9t\u00e9 reconnue pour son expertise dans la vente en gros de bois et de produits d\u00e9riv\u00e9s. Depuis plus de 40 ans\" \/>\n<meta name=\"robots\" content=\"index, follow, max-snippet:-1, max-image-preview:large, max-video-preview:-1\" \/>\n<link rel=\"canonical\" href=\"https:\/\/bois.maisoninterbois.com\/en\/product\/bois-dur-europeen\/\" \/>\n<meta property=\"og:locale\" content=\"en_US\" \/>\n<meta property=\"og:type\" content=\"article\" \/>\n<meta property=\"og:title\" content=\"Bois Dur Europ\u00e9en - INTERBOIS BOIS ET D\u00c9RIV\u00c9\" \/>\n<meta property=\"og:description\" content=\"Fond\u00e9e en 1979, Interbois est une soci\u00e9t\u00e9 reconnue pour son expertise dans la vente en gros de bois et de produits d\u00e9riv\u00e9s. Depuis plus de 40 ans\" \/>\n<meta property=\"og:url\" content=\"https:\/\/bois.maisoninterbois.com\/en\/product\/bois-dur-europeen\/\" \/>\n<meta property=\"og:site_name\" content=\"INTERBOIS BOIS ET D\u00c9RIV\u00c9\" \/>\n<meta property=\"article:modified_time\" content=\"2026-02-16T08:28:23+00:00\" \/>\n<meta property=\"og:image\" content=\"https:\/\/bois.maisoninterbois.com\/wp-content\/uploads\/2025\/09\/Bois-europeen-3.png\" \/>\n\t<meta property=\"og:image:width\" content=\"1080\" \/>\n\t<meta property=\"og:image:height\" content=\"1080\" \/>\n\t<meta property=\"og:image:type\" content=\"image\/png\" \/>\n<meta name=\"twitter:card\" content=\"summary_large_image\" \/>\n<meta name=\"twitter:label1\" content=\"Est. reading time\" \/>\n\t<meta name=\"twitter:data1\" content=\"2 minutes\" \/>\n<script type=\"application\/ld+json\" class=\"yoast-schema-graph\">{\"@context\":\"https:\\\/\\\/schema.org\",\"@graph\":[{\"@type\":\"WebPage\",\"@id\":\"https:\\\/\\\/bois.maisoninterbois.com\\\/product\\\/bois-dur-europeen\\\/\",\"url\":\"https:\\\/\\\/bois.maisoninterbois.com\\\/product\\\/bois-dur-europeen\\\/\",\"name\":\"Bois Dur Europ\u00e9en - INTERBOIS BOIS ET D\u00c9RIV\u00c9\",\"isPartOf\":{\"@id\":\"https:\\\/\\\/bois.maisoninterbois.com\\\/#website\"},\"primaryImageOfPage\":{\"@id\":\"https:\\\/\\\/bois.maisoninterbois.com\\\/product\\\/bois-dur-europeen\\\/#primaryimage\"},\"image\":{\"@id\":\"https:\\\/\\\/bois.maisoninterbois.com\\\/product\\\/bois-dur-europeen\\\/#primaryimage\"},\"thumbnailUrl\":\"https:\\\/\\\/bois.maisoninterbois.com\\\/wp-content\\\/uploads\\\/2025\\\/09\\\/Bois-europeen-3.png\",\"datePublished\":\"2025-09-30T15:12:59+00:00\",\"dateModified\":\"2026-02-16T08:28:23+00:00\",\"description\":\"Fond\u00e9e en 1979, Interbois est une soci\u00e9t\u00e9 reconnue pour son expertise dans la vente en gros de bois et de produits d\u00e9riv\u00e9s. Depuis plus de 40 ans\",\"breadcrumb\":{\"@id\":\"https:\\\/\\\/bois.maisoninterbois.com\\\/product\\\/bois-dur-europeen\\\/#breadcrumb\"},\"inLanguage\":\"en-US\",\"potentialAction\":[{\"@type\":\"ReadAction\",\"target\":[\"https:\\\/\\\/bois.maisoninterbois.com\\\/product\\\/bois-dur-europeen\\\/\"]}]},{\"@type\":\"ImageObject\",\"inLanguage\":\"en-US\",\"@id\":\"https:\\\/\\\/bois.maisoninterbois.com\\\/product\\\/bois-dur-europeen\\\/#primaryimage\",\"url\":\"https:\\\/\\\/bois.maisoninterbois.com\\\/wp-content\\\/uploads\\\/2025\\\/09\\\/Bois-europeen-3.png\",\"contentUrl\":\"https:\\\/\\\/bois.maisoninterbois.com\\\/wp-content\\\/uploads\\\/2025\\\/09\\\/Bois-europeen-3.png\",\"width\":1080,\"height\":1080},{\"@type\":\"BreadcrumbList\",\"@id\":\"https:\\\/\\\/bois.maisoninterbois.com\\\/product\\\/bois-dur-europeen\\\/#breadcrumb\",\"itemListElement\":[{\"@type\":\"ListItem\",\"position\":1,\"name\":\"Accueil\",\"item\":\"https:\\\/\\\/bois.maisoninterbois.com\\\/\"},{\"@type\":\"ListItem\",\"position\":2,\"name\":\"Produits\",\"item\":\"https:\\\/\\\/bois.maisoninterbois.com\\\/produits\\\/\"},{\"@type\":\"ListItem\",\"position\":3,\"name\":\"Bois Dur Europ\u00e9en\"}]},{\"@type\":\"WebSite\",\"@id\":\"https:\\\/\\\/bois.maisoninterbois.com\\\/#website\",\"url\":\"https:\\\/\\\/bois.maisoninterbois.com\\\/\",\"name\":\"INTERBOIS BOIS ET D\u00c9RIV\u00c9\",\"description\":\"\",\"publisher\":{\"@id\":\"https:\\\/\\\/bois.maisoninterbois.com\\\/#organization\"},\"potentialAction\":[{\"@type\":\"SearchAction\",\"target\":{\"@type\":\"EntryPoint\",\"urlTemplate\":\"https:\\\/\\\/bois.maisoninterbois.com\\\/?s={search_term_string}\"},\"query-input\":{\"@type\":\"PropertyValueSpecification\",\"valueRequired\":true,\"valueName\":\"search_term_string\"}}],\"inLanguage\":\"en-US\"},{\"@type\":\"Organization\",\"@id\":\"https:\\\/\\\/bois.maisoninterbois.com\\\/#organization\",\"name\":\"INTERBOIS BOIS ET D\u00c9RIV\u00c9\",\"url\":\"https:\\\/\\\/bois.maisoninterbois.com\\\/\",\"logo\":{\"@type\":\"ImageObject\",\"inLanguage\":\"en-US\",\"@id\":\"https:\\\/\\\/bois.maisoninterbois.com\\\/#\\\/schema\\\/logo\\\/image\\\/\",\"url\":\"https:\\\/\\\/bois.maisoninterbois.com\\\/wp-content\\\/uploads\\\/2025\\\/07\\\/Logo_Interbois_Bois_Black-removebg-preview.png\",\"contentUrl\":\"https:\\\/\\\/bois.maisoninterbois.com\\\/wp-content\\\/uploads\\\/2025\\\/07\\\/Logo_Interbois_Bois_Black-removebg-preview.png\",\"width\":693,\"height\":169,\"caption\":\"INTERBOIS BOIS ET D\u00c9RIV\u00c9\"},\"image\":{\"@id\":\"https:\\\/\\\/bois.maisoninterbois.com\\\/#\\\/schema\\\/logo\\\/image\\\/\"}}]}<\/script>\n<!-- \/ Yoast SEO plugin. -->","yoast_head_json":{"title":"Bois Dur Europ\u00e9en - INTERBOIS BOIS ET D\u00c9RIV\u00c9","description":"Fond\u00e9e en 1979, Interbois est une soci\u00e9t\u00e9 reconnue pour son expertise dans la vente en gros de bois et de produits d\u00e9riv\u00e9s. Depuis plus de 40 ans","robots":{"index":"index","follow":"follow","max-snippet":"max-snippet:-1","max-image-preview":"max-image-preview:large","max-video-preview":"max-video-preview:-1"},"canonical":"https:\/\/bois.maisoninterbois.com\/en\/product\/bois-dur-europeen\/","og_locale":"en_US","og_type":"article","og_title":"Bois Dur Europ\u00e9en - INTERBOIS BOIS ET D\u00c9RIV\u00c9","og_description":"Fond\u00e9e en 1979, Interbois est une soci\u00e9t\u00e9 reconnue pour son expertise dans la vente en gros de bois et de produits d\u00e9riv\u00e9s. Depuis plus de 40 ans","og_url":"https:\/\/bois.maisoninterbois.com\/en\/product\/bois-dur-europeen\/","og_site_name":"INTERBOIS BOIS ET D\u00c9RIV\u00c9","article_modified_time":"2026-02-16T08:28:23+00:00","og_image":[{"width":1080,"height":1080,"url":"https:\/\/bois.maisoninterbois.com\/wp-content\/uploads\/2025\/09\/Bois-europeen-3.png","type":"image\/png"}],"twitter_card":"summary_large_image","twitter_misc":{"Est. reading time":"2 minutes"},"schema":{"@context":"https:\/\/schema.org","@graph":[{"@type":"WebPage","@id":"https:\/\/bois.maisoninterbois.com\/product\/bois-dur-europeen\/","url":"https:\/\/bois.maisoninterbois.com\/product\/bois-dur-europeen\/","name":"Bois Dur Europ\u00e9en - INTERBOIS BOIS ET D\u00c9RIV\u00c9","isPartOf":{"@id":"https:\/\/bois.maisoninterbois.com\/#website"},"primaryImageOfPage":{"@id":"https:\/\/bois.maisoninterbois.com\/product\/bois-dur-europeen\/#primaryimage"},"image":{"@id":"https:\/\/bois.maisoninterbois.com\/product\/bois-dur-europeen\/#primaryimage"},"thumbnailUrl":"https:\/\/bois.maisoninterbois.com\/wp-content\/uploads\/2025\/09\/Bois-europeen-3.png","datePublished":"2025-09-30T15:12:59+00:00","dateModified":"2026-02-16T08:28:23+00:00","description":"Fond\u00e9e en 1979, Interbois est une soci\u00e9t\u00e9 reconnue pour son expertise dans la vente en gros de bois et de produits d\u00e9riv\u00e9s. Depuis plus de 40 ans","breadcrumb":{"@id":"https:\/\/bois.maisoninterbois.com\/product\/bois-dur-europeen\/#breadcrumb"},"inLanguage":"en-US","potentialAction":[{"@type":"ReadAction","target":["https:\/\/bois.maisoninterbois.com\/product\/bois-dur-europeen\/"]}]},{"@type":"ImageObject","inLanguage":"en-US","@id":"https:\/\/bois.maisoninterbois.com\/product\/bois-dur-europeen\/#primaryimage","url":"https:\/\/bois.maisoninterbois.com\/wp-content\/uploads\/2025\/09\/Bois-europeen-3.png","contentUrl":"https:\/\/bois.maisoninterbois.com\/wp-content\/uploads\/2025\/09\/Bois-europeen-3.png","width":1080,"height":1080},{"@type":"BreadcrumbList","@id":"https:\/\/bois.maisoninterbois.com\/product\/bois-dur-europeen\/#breadcrumb","itemListElement":[{"@type":"ListItem","position":1,"name":"Accueil","item":"https:\/\/bois.maisoninterbois.com\/"},{"@type":"ListItem","position":2,"name":"Produits","item":"https:\/\/bois.maisoninterbois.com\/produits\/"},{"@type":"ListItem","position":3,"name":"Bois Dur Europ\u00e9en"}]},{"@type":"WebSite","@id":"https:\/\/bois.maisoninterbois.com\/#website","url":"https:\/\/bois.maisoninterbois.com\/","name":"INTERBOIS BOIS ET D\u00c9RIV\u00c9","description":"","publisher":{"@id":"https:\/\/bois.maisoninterbois.com\/#organization"},"potentialAction":[{"@type":"SearchAction","target":{"@type":"EntryPoint","urlTemplate":"https:\/\/bois.maisoninterbois.com\/?s={search_term_string}"},"query-input":{"@type":"PropertyValueSpecification","valueRequired":true,"valueName":"search_term_string"}}],"inLanguage":"en-US"},{"@type":"Organization","@id":"https:\/\/bois.maisoninterbois.com\/#organization","name":"INTERBOIS BOIS ET D\u00c9RIV\u00c9","url":"https:\/\/bois.maisoninterbois.com\/","logo":{"@type":"ImageObject","inLanguage":"en-US","@id":"https:\/\/bois.maisoninterbois.com\/#\/schema\/logo\/image\/","url":"https:\/\/bois.maisoninterbois.com\/wp-content\/uploads\/2025\/07\/Logo_Interbois_Bois_Black-removebg-preview.png","contentUrl":"https:\/\/bois.maisoninterbois.com\/wp-content\/uploads\/2025\/07\/Logo_Interbois_Bois_Black-removebg-preview.png","width":693,"height":169,"caption":"INTERBOIS BOIS ET D\u00c9RIV\u00c9"},"image":{"@id":"https:\/\/bois.maisoninterbois.com\/#\/schema\/logo\/image\/"}}]}},"_links":{"self":[{"href":"https:\/\/bois.maisoninterbois.com\/en\/wp-json\/wp\/v2\/product\/3077","targetHints":{"allow":["GET"]}}],"collection":[{"href":"https:\/\/bois.maisoninterbois.com\/en\/wp-json\/wp\/v2\/product"}],"about":[{"href":"https:\/\/bois.maisoninterbois.com\/en\/wp-json\/wp\/v2\/types\/product"}],"replies":[{"embeddable":true,"href":"https:\/\/bois.maisoninterbois.com\/en\/wp-json\/wp\/v2\/comments?post=3077"}],"wp:featuredmedia":[{"embeddable":true,"href":"https:\/\/bois.maisoninterbois.com\/en\/wp-json\/wp\/v2\/media\/3341"}],"wp:attachment":[{"href":"https:\/\/bois.maisoninterbois.com\/en\/wp-json\/wp\/v2\/media?parent=3077"}],"wp:term":[{"taxonomy":"product_brand","embeddable":true,"href":"https:\/\/bois.maisoninterbois.com\/en\/wp-json\/wp\/v2\/product_brand?post=3077"},{"taxonomy":"product_cat","embeddable":true,"href":"https:\/\/bois.maisoninterbois.com\/en\/wp-json\/wp\/v2\/product_cat?post=3077"},{"taxonomy":"product_tag","embeddable":true,"href":"https:\/\/bois.maisoninterbois.com\/en\/wp-json\/wp\/v2\/product_tag?post=3077"}],"curies":[{"name":"wp","href":"https:\/\/api.w.org\/{rel}","templated":true}]}}