{"id":2840,"date":"2025-07-30T11:17:23","date_gmt":"2025-07-30T11:17:23","guid":{"rendered":"https:\/\/bois.maisoninterbois.com\/?post_type=product&#038;p=2840"},"modified":"2026-01-19T14:23:29","modified_gmt":"2026-01-19T13:23:29","slug":"panneaux-de-particules-agglomere","status":"publish","type":"product","link":"https:\/\/bois.maisoninterbois.com\/en\/product\/panneaux-de-particules-agglomere\/","title":{"rendered":"Panneau Stratipan Particule"},"content":{"rendered":"<div class=\"wood-specs-grid\">\n<div class=\"spec-col\">\n<div class=\"spec-item\">\n<div class=\"item_title\">\n<h4>Type<\/h4>\n<\/div>\n<div class=\"item_content\">\n  <span>Panneau de particules m\u00e9lamin\u00e9 (Stratipan)<\/span>\n<\/div>\n<\/p><\/div>\n<div class=\"spec-item\">\n<div class=\"item_title\">\n<h4>Support<\/h4>\n<\/p><\/div>\n<div class=\"item_content\">  <span>Agglom\u00e9r\u00e9 de particules de bois<\/span> <\/div>\n<\/p><\/div>\n<div class=\"spec-item\">\n<div class=\"item_title\">\n<h4>Rev\u00eatement<\/h4>\n<\/p><\/div>\n<div class=\"item_content\">  <span> Papier d\u00e9cor impr\u00e9gn\u00e9 de r\u00e9sine melamine <\/span> <\/div>\n<\/p><\/div>\n<\/p><\/div>\n<div class=\"spec-col\">\n<div class=\"spec-item\">\n<div class=\"item_title\">\n<h4>Faces disponibles<\/h4>\n<\/p><\/div>\n<div class=\"item_content\">  <span> Une ou deux faces m\u00e9lamin\u00e9es <\/span> <\/div>\n<\/p><\/div>\n<div class=\"spec-item\">\n<div class=\"item_title\">\n<h4>Finitions<\/h4>\n<\/p><\/div>\n<div class=\"item_content\">  <span> Mat, satin\u00e9 ou brillant selon le d\u00e9cor choisi <\/span> <\/div>\n<\/p><\/div>\n<div class=\"spec-item\">\n<div class=\"item_title\">\n<h4>Dimensions standards<\/h4>\n<\/p><\/div>\n<div class=\"item_content\">  <span> 2800 x 2100 mm (autres formats disponibles) <\/span> <\/div>\n<\/p><\/div>\n<\/div>\n<div class=\"spec-col\">\n<div class=\"spec-item\">\n<div class=\"item_title\">\n<h4>\u00c9paisseurs disponibles<\/h4>\n<\/p><\/div>\n<div class=\"item_content\">  <span> De 8 mm \u00e0 30 mm <\/span> <\/div>\n<\/p><\/div>\n<div class=\"spec-item\">\n<div class=\"item_title\">\n<h4>Applications<\/h4>\n<\/p><\/div>\n<div class=\"item_content\">  <span> Mobilier, rayonnages, am\u00e9nagement int\u00e9rieur, habillages <\/span> <\/div>\n<\/p><\/div>\n<div class=\"spec-item\">\n<div class=\"item_title\">\n<h4>Avantages<\/h4>\n<\/p><\/div>\n<div class=\"item_content\">  <span> \u00c9conomique, esth\u00e9tique homog\u00e8ne, usinage simple, large choix de d\u00e9cors <\/span> <\/div>\n<\/p><\/div>\n<\/p><\/div>\n<\/div>","protected":false},"excerpt":{"rendered":"<p><span style=\"color: #000000;\">Le panneau Stratipan Particule, \u00e9galement connu sous le nom de m\u00e9lamin\u00e9 particule ou agglom\u00e9r\u00e9 m\u00e9lamin\u00e9, est un panneau compos\u00e9 de particules de bois press\u00e9es, rev\u00eatu sur une ou deux faces d\u2019un d\u00e9cor m\u00e9lamin\u00e9. Il constitue une solution \u00e9conomique, esth\u00e9tique et pratique pour l\u2019am\u00e9nagement int\u00e9rieur et la fabrication de meubles. Il offre une bonne stabilit\u00e9, un bon rapport qualit\u00e9\/prix et une facilit\u00e9 de d\u00e9coupe et d\u2019usinage pour tous types de projets.<\/span><\/p>","protected":false},"featured_media":2841,"comment_status":"open","ping_status":"closed","template":"","meta":[],"product_brand":[],"product_cat":[15],"product_tag":[],"class_list":{"0":"post-2840","1":"product","2":"type-product","3":"status-publish","4":"has-post-thumbnail","6":"product_cat-interbois","8":"first","9":"instock","10":"shipping-taxable","11":"product-type-simple","12":"layout-style-2","13":"col-md-4 col-sm-4 col-xs-6","14":"col-lg-3","15":"product-style-addtocart"},"yoast_head":"<!-- This site is optimized with the Yoast SEO plugin v27.3 - https:\/\/yoast.com\/product\/yoast-seo-wordpress\/ -->\n<title>Panneau Stratipan Particule - INTERBOIS BOIS ET D\u00c9RIV\u00c9<\/title>\n<meta name=\"description\" content=\"Fond\u00e9e en 1979, Interbois est une soci\u00e9t\u00e9 reconnue pour son expertise dans la vente en gros de bois et de produits d\u00e9riv\u00e9s. Depuis plus de 40 ans\" \/>\n<meta name=\"robots\" content=\"index, follow, max-snippet:-1, max-image-preview:large, max-video-preview:-1\" \/>\n<link rel=\"canonical\" href=\"https:\/\/bois.maisoninterbois.com\/en\/product\/panneaux-de-particules-agglomere\/\" \/>\n<meta property=\"og:locale\" content=\"en_US\" \/>\n<meta property=\"og:type\" content=\"article\" \/>\n<meta property=\"og:title\" content=\"Panneau Stratipan Particule - INTERBOIS BOIS ET D\u00c9RIV\u00c9\" \/>\n<meta property=\"og:description\" content=\"Fond\u00e9e en 1979, Interbois est une soci\u00e9t\u00e9 reconnue pour son expertise dans la vente en gros de bois et de produits d\u00e9riv\u00e9s. Depuis plus de 40 ans\" \/>\n<meta property=\"og:url\" content=\"https:\/\/bois.maisoninterbois.com\/en\/product\/panneaux-de-particules-agglomere\/\" \/>\n<meta property=\"og:site_name\" content=\"INTERBOIS BOIS ET D\u00c9RIV\u00c9\" \/>\n<meta property=\"article:modified_time\" content=\"2026-01-19T13:23:29+00:00\" \/>\n<meta property=\"og:image\" content=\"https:\/\/bois.maisoninterbois.com\/wp-content\/uploads\/2025\/07\/Particule.jpeg\" \/>\n\t<meta property=\"og:image:width\" content=\"1280\" \/>\n\t<meta property=\"og:image:height\" content=\"1280\" \/>\n\t<meta property=\"og:image:type\" content=\"image\/jpeg\" \/>\n<meta name=\"twitter:card\" content=\"summary_large_image\" \/>\n<meta name=\"twitter:label1\" content=\"Est. reading time\" \/>\n\t<meta name=\"twitter:data1\" content=\"1 minute\" \/>\n<script type=\"application\/ld+json\" class=\"yoast-schema-graph\">{\"@context\":\"https:\\\/\\\/schema.org\",\"@graph\":[{\"@type\":\"WebPage\",\"@id\":\"https:\\\/\\\/bois.maisoninterbois.com\\\/product\\\/panneaux-de-particules-agglomere\\\/\",\"url\":\"https:\\\/\\\/bois.maisoninterbois.com\\\/product\\\/panneaux-de-particules-agglomere\\\/\",\"name\":\"Panneau Stratipan Particule - INTERBOIS BOIS ET D\u00c9RIV\u00c9\",\"isPartOf\":{\"@id\":\"https:\\\/\\\/bois.maisoninterbois.com\\\/#website\"},\"primaryImageOfPage\":{\"@id\":\"https:\\\/\\\/bois.maisoninterbois.com\\\/product\\\/panneaux-de-particules-agglomere\\\/#primaryimage\"},\"image\":{\"@id\":\"https:\\\/\\\/bois.maisoninterbois.com\\\/product\\\/panneaux-de-particules-agglomere\\\/#primaryimage\"},\"thumbnailUrl\":\"https:\\\/\\\/bois.maisoninterbois.com\\\/wp-content\\\/uploads\\\/2025\\\/07\\\/Particule.jpeg\",\"datePublished\":\"2025-07-30T11:17:23+00:00\",\"dateModified\":\"2026-01-19T13:23:29+00:00\",\"description\":\"Fond\u00e9e en 1979, Interbois est une soci\u00e9t\u00e9 reconnue pour son expertise dans la vente en gros de bois et de produits d\u00e9riv\u00e9s. Depuis plus de 40 ans\",\"breadcrumb\":{\"@id\":\"https:\\\/\\\/bois.maisoninterbois.com\\\/product\\\/panneaux-de-particules-agglomere\\\/#breadcrumb\"},\"inLanguage\":\"en-US\",\"potentialAction\":[{\"@type\":\"ReadAction\",\"target\":[\"https:\\\/\\\/bois.maisoninterbois.com\\\/product\\\/panneaux-de-particules-agglomere\\\/\"]}]},{\"@type\":\"ImageObject\",\"inLanguage\":\"en-US\",\"@id\":\"https:\\\/\\\/bois.maisoninterbois.com\\\/product\\\/panneaux-de-particules-agglomere\\\/#primaryimage\",\"url\":\"https:\\\/\\\/bois.maisoninterbois.com\\\/wp-content\\\/uploads\\\/2025\\\/07\\\/Particule.jpeg\",\"contentUrl\":\"https:\\\/\\\/bois.maisoninterbois.com\\\/wp-content\\\/uploads\\\/2025\\\/07\\\/Particule.jpeg\",\"width\":1280,\"height\":1280},{\"@type\":\"BreadcrumbList\",\"@id\":\"https:\\\/\\\/bois.maisoninterbois.com\\\/product\\\/panneaux-de-particules-agglomere\\\/#breadcrumb\",\"itemListElement\":[{\"@type\":\"ListItem\",\"position\":1,\"name\":\"Accueil\",\"item\":\"https:\\\/\\\/bois.maisoninterbois.com\\\/\"},{\"@type\":\"ListItem\",\"position\":2,\"name\":\"Produits\",\"item\":\"https:\\\/\\\/bois.maisoninterbois.com\\\/produits\\\/\"},{\"@type\":\"ListItem\",\"position\":3,\"name\":\"Panneau Stratipan Particule\"}]},{\"@type\":\"WebSite\",\"@id\":\"https:\\\/\\\/bois.maisoninterbois.com\\\/#website\",\"url\":\"https:\\\/\\\/bois.maisoninterbois.com\\\/\",\"name\":\"INTERBOIS BOIS ET D\u00c9RIV\u00c9\",\"description\":\"\",\"publisher\":{\"@id\":\"https:\\\/\\\/bois.maisoninterbois.com\\\/#organization\"},\"potentialAction\":[{\"@type\":\"SearchAction\",\"target\":{\"@type\":\"EntryPoint\",\"urlTemplate\":\"https:\\\/\\\/bois.maisoninterbois.com\\\/?s={search_term_string}\"},\"query-input\":{\"@type\":\"PropertyValueSpecification\",\"valueRequired\":true,\"valueName\":\"search_term_string\"}}],\"inLanguage\":\"en-US\"},{\"@type\":\"Organization\",\"@id\":\"https:\\\/\\\/bois.maisoninterbois.com\\\/#organization\",\"name\":\"INTERBOIS BOIS ET D\u00c9RIV\u00c9\",\"url\":\"https:\\\/\\\/bois.maisoninterbois.com\\\/\",\"logo\":{\"@type\":\"ImageObject\",\"inLanguage\":\"en-US\",\"@id\":\"https:\\\/\\\/bois.maisoninterbois.com\\\/#\\\/schema\\\/logo\\\/image\\\/\",\"url\":\"https:\\\/\\\/bois.maisoninterbois.com\\\/wp-content\\\/uploads\\\/2025\\\/07\\\/Logo_Interbois_Bois_Black-removebg-preview.png\",\"contentUrl\":\"https:\\\/\\\/bois.maisoninterbois.com\\\/wp-content\\\/uploads\\\/2025\\\/07\\\/Logo_Interbois_Bois_Black-removebg-preview.png\",\"width\":693,\"height\":169,\"caption\":\"INTERBOIS BOIS ET D\u00c9RIV\u00c9\"},\"image\":{\"@id\":\"https:\\\/\\\/bois.maisoninterbois.com\\\/#\\\/schema\\\/logo\\\/image\\\/\"}}]}<\/script>\n<!-- \/ Yoast SEO plugin. -->","yoast_head_json":{"title":"Panneau Stratipan Particule - INTERBOIS BOIS ET D\u00c9RIV\u00c9","description":"Fond\u00e9e en 1979, Interbois est une soci\u00e9t\u00e9 reconnue pour son expertise dans la vente en gros de bois et de produits d\u00e9riv\u00e9s. Depuis plus de 40 ans","robots":{"index":"index","follow":"follow","max-snippet":"max-snippet:-1","max-image-preview":"max-image-preview:large","max-video-preview":"max-video-preview:-1"},"canonical":"https:\/\/bois.maisoninterbois.com\/en\/product\/panneaux-de-particules-agglomere\/","og_locale":"en_US","og_type":"article","og_title":"Panneau Stratipan Particule - INTERBOIS BOIS ET D\u00c9RIV\u00c9","og_description":"Fond\u00e9e en 1979, Interbois est une soci\u00e9t\u00e9 reconnue pour son expertise dans la vente en gros de bois et de produits d\u00e9riv\u00e9s. Depuis plus de 40 ans","og_url":"https:\/\/bois.maisoninterbois.com\/en\/product\/panneaux-de-particules-agglomere\/","og_site_name":"INTERBOIS BOIS ET D\u00c9RIV\u00c9","article_modified_time":"2026-01-19T13:23:29+00:00","og_image":[{"width":1280,"height":1280,"url":"https:\/\/bois.maisoninterbois.com\/wp-content\/uploads\/2025\/07\/Particule.jpeg","type":"image\/jpeg"}],"twitter_card":"summary_large_image","twitter_misc":{"Est. reading time":"1 minute"},"schema":{"@context":"https:\/\/schema.org","@graph":[{"@type":"WebPage","@id":"https:\/\/bois.maisoninterbois.com\/product\/panneaux-de-particules-agglomere\/","url":"https:\/\/bois.maisoninterbois.com\/product\/panneaux-de-particules-agglomere\/","name":"Panneau Stratipan Particule - INTERBOIS BOIS ET D\u00c9RIV\u00c9","isPartOf":{"@id":"https:\/\/bois.maisoninterbois.com\/#website"},"primaryImageOfPage":{"@id":"https:\/\/bois.maisoninterbois.com\/product\/panneaux-de-particules-agglomere\/#primaryimage"},"image":{"@id":"https:\/\/bois.maisoninterbois.com\/product\/panneaux-de-particules-agglomere\/#primaryimage"},"thumbnailUrl":"https:\/\/bois.maisoninterbois.com\/wp-content\/uploads\/2025\/07\/Particule.jpeg","datePublished":"2025-07-30T11:17:23+00:00","dateModified":"2026-01-19T13:23:29+00:00","description":"Fond\u00e9e en 1979, Interbois est une soci\u00e9t\u00e9 reconnue pour son expertise dans la vente en gros de bois et de produits d\u00e9riv\u00e9s. Depuis plus de 40 ans","breadcrumb":{"@id":"https:\/\/bois.maisoninterbois.com\/product\/panneaux-de-particules-agglomere\/#breadcrumb"},"inLanguage":"en-US","potentialAction":[{"@type":"ReadAction","target":["https:\/\/bois.maisoninterbois.com\/product\/panneaux-de-particules-agglomere\/"]}]},{"@type":"ImageObject","inLanguage":"en-US","@id":"https:\/\/bois.maisoninterbois.com\/product\/panneaux-de-particules-agglomere\/#primaryimage","url":"https:\/\/bois.maisoninterbois.com\/wp-content\/uploads\/2025\/07\/Particule.jpeg","contentUrl":"https:\/\/bois.maisoninterbois.com\/wp-content\/uploads\/2025\/07\/Particule.jpeg","width":1280,"height":1280},{"@type":"BreadcrumbList","@id":"https:\/\/bois.maisoninterbois.com\/product\/panneaux-de-particules-agglomere\/#breadcrumb","itemListElement":[{"@type":"ListItem","position":1,"name":"Accueil","item":"https:\/\/bois.maisoninterbois.com\/"},{"@type":"ListItem","position":2,"name":"Produits","item":"https:\/\/bois.maisoninterbois.com\/produits\/"},{"@type":"ListItem","position":3,"name":"Panneau Stratipan Particule"}]},{"@type":"WebSite","@id":"https:\/\/bois.maisoninterbois.com\/#website","url":"https:\/\/bois.maisoninterbois.com\/","name":"INTERBOIS BOIS ET D\u00c9RIV\u00c9","description":"","publisher":{"@id":"https:\/\/bois.maisoninterbois.com\/#organization"},"potentialAction":[{"@type":"SearchAction","target":{"@type":"EntryPoint","urlTemplate":"https:\/\/bois.maisoninterbois.com\/?s={search_term_string}"},"query-input":{"@type":"PropertyValueSpecification","valueRequired":true,"valueName":"search_term_string"}}],"inLanguage":"en-US"},{"@type":"Organization","@id":"https:\/\/bois.maisoninterbois.com\/#organization","name":"INTERBOIS BOIS ET D\u00c9RIV\u00c9","url":"https:\/\/bois.maisoninterbois.com\/","logo":{"@type":"ImageObject","inLanguage":"en-US","@id":"https:\/\/bois.maisoninterbois.com\/#\/schema\/logo\/image\/","url":"https:\/\/bois.maisoninterbois.com\/wp-content\/uploads\/2025\/07\/Logo_Interbois_Bois_Black-removebg-preview.png","contentUrl":"https:\/\/bois.maisoninterbois.com\/wp-content\/uploads\/2025\/07\/Logo_Interbois_Bois_Black-removebg-preview.png","width":693,"height":169,"caption":"INTERBOIS BOIS ET D\u00c9RIV\u00c9"},"image":{"@id":"https:\/\/bois.maisoninterbois.com\/#\/schema\/logo\/image\/"}}]}},"_links":{"self":[{"href":"https:\/\/bois.maisoninterbois.com\/en\/wp-json\/wp\/v2\/product\/2840","targetHints":{"allow":["GET"]}}],"collection":[{"href":"https:\/\/bois.maisoninterbois.com\/en\/wp-json\/wp\/v2\/product"}],"about":[{"href":"https:\/\/bois.maisoninterbois.com\/en\/wp-json\/wp\/v2\/types\/product"}],"replies":[{"embeddable":true,"href":"https:\/\/bois.maisoninterbois.com\/en\/wp-json\/wp\/v2\/comments?post=2840"}],"wp:featuredmedia":[{"embeddable":true,"href":"https:\/\/bois.maisoninterbois.com\/en\/wp-json\/wp\/v2\/media\/2841"}],"wp:attachment":[{"href":"https:\/\/bois.maisoninterbois.com\/en\/wp-json\/wp\/v2\/media?parent=2840"}],"wp:term":[{"taxonomy":"product_brand","embeddable":true,"href":"https:\/\/bois.maisoninterbois.com\/en\/wp-json\/wp\/v2\/product_brand?post=2840"},{"taxonomy":"product_cat","embeddable":true,"href":"https:\/\/bois.maisoninterbois.com\/en\/wp-json\/wp\/v2\/product_cat?post=2840"},{"taxonomy":"product_tag","embeddable":true,"href":"https:\/\/bois.maisoninterbois.com\/en\/wp-json\/wp\/v2\/product_tag?post=2840"}],"curies":[{"name":"wp","href":"https:\/\/api.w.org\/{rel}","templated":true}]}}