{"id":3358,"date":"2026-01-19T14:26:59","date_gmt":"2026-01-19T13:26:59","guid":{"rendered":"https:\/\/bois.maisoninterbois.com\/?post_type=product&#038;p=3358"},"modified":"2026-01-19T14:27:00","modified_gmt":"2026-01-19T13:27:00","slug":"panneau-mdf-hydrofuge","status":"publish","type":"product","link":"https:\/\/bois.maisoninterbois.com\/ar\/product\/panneau-mdf-hydrofuge\/","title":{"rendered":"Panneau MDF Hydrofuge"},"content":{"rendered":"<div class=\"wood-specs-grid\">\n<div class=\"spec-col\">\n<div class=\"spec-item\">\n<div class=\"item_title\">\n<h4>Type<\/h4>\n<\/div>\n<div class=\"item_content\">Panneau MDF hydrofuge <\/div>\n<\/div>\n<div class=\"spec-item\">\n<div class=\"item_title\">\n<h4>Couleur<\/h4>\n<\/div>\n<div class=\"item_content\">Vert (rep\u00e8re visuel pour usage sp\u00e9cifique)<\/div>\n<\/div>\n<div class=\"spec-item\">\n<div class=\"item_title\">\n<h4>Traitement<\/h4>\n<\/div>\n<div class=\"item_content\">Impr\u00e9gnation de r\u00e9sines hydrofuges<\/div>\n<\/div>\n<\/div>\n<div class=\"spec-col\">\n<div class=\"spec-item\">\n<div class=\"item_title\">\n<h4>Densit\u00e9 Moyenne<\/h4>\n<\/div>\n<div class=\"item_content\">Environ 750 \u00e0 800 kg\/m\u00b3<\/div>\n<\/div>\n<div class=\"spec-item\">\n<div class=\"item_title\">\n<h4>R\u00e9sistance \u00e0 l\u2019humidit\u00e9<\/h4>\n<\/div>\n<div class=\"item_content\">Haute \u2013 conforme aux normes EN 622-5 type MDF.H<\/div>\n<\/div>\n<div class=\"spec-item\">\n<div class=\"item_title\">\n<h4>Applications<\/h4>\n<\/div>\n<div class=\"item_content\">Meubles de salle de bain, agencement de cuisine, plinthes, parois verticales, usage semi-ext\u00e9rieurs <\/div>\n<\/div>\n<\/div>\n<div class=\"spec-col\">\n<div class=\"spec-item\">\n<div class=\"item_title\">\n<h4>\u00c9paisseurs disponibles<\/h4>\n<\/div>\n<div class=\"item_content\">De 6 mm \u00e0 38 mm<\/div>\n<\/div>\n<div class=\"spec-item\">\n<div class=\"item_title\">\n<h4>Dimensions standards<\/h4>\n<\/div>\n<div class=\"item_content\">2800 x 2100 mm<\/div>\n<\/div>\n<div class=\"spec-item\">\n<div class=\"item_title\">\n<h4>Avantages<\/h4>\n<\/div>\n<div class=\"item_content\">R\u00e9sistance accrue \u00e0 l\u2019humidit\u00e9, bonne usinabilit\u00e9, durable<\/div>\n<\/div>\n<\/div>\n<\/div>","protected":false},"excerpt":{"rendered":"<p><span style=\"color: #000000;\">Le panneau MDF hydrofuge est un panneau de fibres \u00e0 densit\u00e9 moyenne (MDF) sp\u00e9cialement con\u00e7u pour r\u00e9sister \u00e0 l\u2019humidit\u00e9. Impr\u00e9gn\u00e9 de r\u00e9sines hydrophobes, il pr\u00e9sente une faible absorption d\u2019eau et convient parfaitement aux environnements humides tels que les cuisines, salles de bain, ou locaux techniques. De couleur g\u00e9n\u00e9ralement verte pour le diff\u00e9rencier des MDF standards, il conserve toutes les qualit\u00e9s d\u2019usinage du MDF classique tout en garantissant une meilleure tenue face \u00e0 l\u2019eau.<\/span><\/p>","protected":false},"featured_media":3359,"comment_status":"open","ping_status":"closed","template":"","meta":[],"product_brand":[],"product_cat":[15],"product_tag":[],"class_list":{"0":"post-3358","1":"product","2":"type-product","3":"status-publish","4":"has-post-thumbnail","6":"product_cat-interbois","8":"first","9":"instock","10":"shipping-taxable","11":"product-type-simple","12":"layout-style-2","13":"col-md-4 col-sm-4 col-xs-6","14":"col-lg-3","15":"product-style-addtocart"},"yoast_head":"<!-- This site is optimized with the Yoast SEO plugin v27.3 - https:\/\/yoast.com\/product\/yoast-seo-wordpress\/ -->\n<title>Panneau MDF Hydrofuge - INTERBOIS BOIS ET D\u00c9RIV\u00c9<\/title>\n<meta name=\"description\" content=\"Fond\u00e9e en 1979, Interbois est une soci\u00e9t\u00e9 reconnue pour son expertise dans la vente en gros de bois et de produits d\u00e9riv\u00e9s. Depuis plus de 40 ans\" \/>\n<meta name=\"robots\" content=\"index, follow, max-snippet:-1, max-image-preview:large, max-video-preview:-1\" \/>\n<link rel=\"canonical\" href=\"https:\/\/bois.maisoninterbois.com\/ar\/product\/panneau-mdf-hydrofuge\/\" \/>\n<meta property=\"og:locale\" content=\"ar_AR\" \/>\n<meta property=\"og:type\" content=\"article\" \/>\n<meta property=\"og:title\" content=\"Panneau MDF Hydrofuge - INTERBOIS BOIS ET D\u00c9RIV\u00c9\" \/>\n<meta property=\"og:description\" content=\"Fond\u00e9e en 1979, Interbois est une soci\u00e9t\u00e9 reconnue pour son expertise dans la vente en gros de bois et de produits d\u00e9riv\u00e9s. Depuis plus de 40 ans\" \/>\n<meta property=\"og:url\" content=\"https:\/\/bois.maisoninterbois.com\/ar\/product\/panneau-mdf-hydrofuge\/\" \/>\n<meta property=\"og:site_name\" content=\"INTERBOIS BOIS ET D\u00c9RIV\u00c9\" \/>\n<meta property=\"article:modified_time\" content=\"2026-01-19T13:27:00+00:00\" \/>\n<meta property=\"og:image\" content=\"https:\/\/bois.maisoninterbois.com\/wp-content\/uploads\/2026\/01\/MDF-hydrofuge.png\" \/>\n\t<meta property=\"og:image:width\" content=\"1080\" \/>\n\t<meta property=\"og:image:height\" content=\"1080\" \/>\n\t<meta property=\"og:image:type\" content=\"image\/png\" \/>\n<meta name=\"twitter:card\" content=\"summary_large_image\" \/>\n<meta name=\"twitter:label1\" content=\"\u0648\u0642\u062a \u0627\u0644\u0642\u0631\u0627\u0621\u0629 \u0627\u0644\u0645\u064f\u0642\u062f\u0651\u0631\" \/>\n\t<meta name=\"twitter:data1\" content=\"\u062f\u0642\u064a\u0642\u0629 \u0648\u0627\u062d\u062f\u0629\" \/>\n<script type=\"application\/ld+json\" class=\"yoast-schema-graph\">{\"@context\":\"https:\\\/\\\/schema.org\",\"@graph\":[{\"@type\":\"WebPage\",\"@id\":\"https:\\\/\\\/bois.maisoninterbois.com\\\/product\\\/panneau-mdf-hydrofuge\\\/\",\"url\":\"https:\\\/\\\/bois.maisoninterbois.com\\\/product\\\/panneau-mdf-hydrofuge\\\/\",\"name\":\"Panneau MDF Hydrofuge - INTERBOIS BOIS ET D\u00c9RIV\u00c9\",\"isPartOf\":{\"@id\":\"https:\\\/\\\/bois.maisoninterbois.com\\\/#website\"},\"primaryImageOfPage\":{\"@id\":\"https:\\\/\\\/bois.maisoninterbois.com\\\/product\\\/panneau-mdf-hydrofuge\\\/#primaryimage\"},\"image\":{\"@id\":\"https:\\\/\\\/bois.maisoninterbois.com\\\/product\\\/panneau-mdf-hydrofuge\\\/#primaryimage\"},\"thumbnailUrl\":\"https:\\\/\\\/bois.maisoninterbois.com\\\/wp-content\\\/uploads\\\/2026\\\/01\\\/MDF-hydrofuge.png\",\"datePublished\":\"2026-01-19T13:26:59+00:00\",\"dateModified\":\"2026-01-19T13:27:00+00:00\",\"description\":\"Fond\u00e9e en 1979, Interbois est une soci\u00e9t\u00e9 reconnue pour son expertise dans la vente en gros de bois et de produits d\u00e9riv\u00e9s. Depuis plus de 40 ans\",\"breadcrumb\":{\"@id\":\"https:\\\/\\\/bois.maisoninterbois.com\\\/product\\\/panneau-mdf-hydrofuge\\\/#breadcrumb\"},\"inLanguage\":\"ar\",\"potentialAction\":[{\"@type\":\"ReadAction\",\"target\":[\"https:\\\/\\\/bois.maisoninterbois.com\\\/product\\\/panneau-mdf-hydrofuge\\\/\"]}]},{\"@type\":\"ImageObject\",\"inLanguage\":\"ar\",\"@id\":\"https:\\\/\\\/bois.maisoninterbois.com\\\/product\\\/panneau-mdf-hydrofuge\\\/#primaryimage\",\"url\":\"https:\\\/\\\/bois.maisoninterbois.com\\\/wp-content\\\/uploads\\\/2026\\\/01\\\/MDF-hydrofuge.png\",\"contentUrl\":\"https:\\\/\\\/bois.maisoninterbois.com\\\/wp-content\\\/uploads\\\/2026\\\/01\\\/MDF-hydrofuge.png\",\"width\":1080,\"height\":1080},{\"@type\":\"BreadcrumbList\",\"@id\":\"https:\\\/\\\/bois.maisoninterbois.com\\\/product\\\/panneau-mdf-hydrofuge\\\/#breadcrumb\",\"itemListElement\":[{\"@type\":\"ListItem\",\"position\":1,\"name\":\"Accueil\",\"item\":\"https:\\\/\\\/bois.maisoninterbois.com\\\/\"},{\"@type\":\"ListItem\",\"position\":2,\"name\":\"Produits\",\"item\":\"https:\\\/\\\/bois.maisoninterbois.com\\\/produits\\\/\"},{\"@type\":\"ListItem\",\"position\":3,\"name\":\"Panneau MDF Hydrofuge\"}]},{\"@type\":\"WebSite\",\"@id\":\"https:\\\/\\\/bois.maisoninterbois.com\\\/#website\",\"url\":\"https:\\\/\\\/bois.maisoninterbois.com\\\/\",\"name\":\"INTERBOIS BOIS ET D\u00c9RIV\u00c9\",\"description\":\"\",\"publisher\":{\"@id\":\"https:\\\/\\\/bois.maisoninterbois.com\\\/#organization\"},\"potentialAction\":[{\"@type\":\"SearchAction\",\"target\":{\"@type\":\"EntryPoint\",\"urlTemplate\":\"https:\\\/\\\/bois.maisoninterbois.com\\\/?s={search_term_string}\"},\"query-input\":{\"@type\":\"PropertyValueSpecification\",\"valueRequired\":true,\"valueName\":\"search_term_string\"}}],\"inLanguage\":\"ar\"},{\"@type\":\"Organization\",\"@id\":\"https:\\\/\\\/bois.maisoninterbois.com\\\/#organization\",\"name\":\"INTERBOIS BOIS ET D\u00c9RIV\u00c9\",\"url\":\"https:\\\/\\\/bois.maisoninterbois.com\\\/\",\"logo\":{\"@type\":\"ImageObject\",\"inLanguage\":\"ar\",\"@id\":\"https:\\\/\\\/bois.maisoninterbois.com\\\/#\\\/schema\\\/logo\\\/image\\\/\",\"url\":\"https:\\\/\\\/bois.maisoninterbois.com\\\/wp-content\\\/uploads\\\/2025\\\/07\\\/Logo_Interbois_Bois_Black-removebg-preview.png\",\"contentUrl\":\"https:\\\/\\\/bois.maisoninterbois.com\\\/wp-content\\\/uploads\\\/2025\\\/07\\\/Logo_Interbois_Bois_Black-removebg-preview.png\",\"width\":693,\"height\":169,\"caption\":\"INTERBOIS BOIS ET D\u00c9RIV\u00c9\"},\"image\":{\"@id\":\"https:\\\/\\\/bois.maisoninterbois.com\\\/#\\\/schema\\\/logo\\\/image\\\/\"}}]}<\/script>\n<!-- \/ Yoast SEO plugin. -->","yoast_head_json":{"title":"Panneau MDF Hydrofuge - INTERBOIS BOIS ET D\u00c9RIV\u00c9","description":"Fond\u00e9e en 1979, Interbois est une soci\u00e9t\u00e9 reconnue pour son expertise dans la vente en gros de bois et de produits d\u00e9riv\u00e9s. Depuis plus de 40 ans","robots":{"index":"index","follow":"follow","max-snippet":"max-snippet:-1","max-image-preview":"max-image-preview:large","max-video-preview":"max-video-preview:-1"},"canonical":"https:\/\/bois.maisoninterbois.com\/ar\/product\/panneau-mdf-hydrofuge\/","og_locale":"ar_AR","og_type":"article","og_title":"Panneau MDF Hydrofuge - INTERBOIS BOIS ET D\u00c9RIV\u00c9","og_description":"Fond\u00e9e en 1979, Interbois est une soci\u00e9t\u00e9 reconnue pour son expertise dans la vente en gros de bois et de produits d\u00e9riv\u00e9s. Depuis plus de 40 ans","og_url":"https:\/\/bois.maisoninterbois.com\/ar\/product\/panneau-mdf-hydrofuge\/","og_site_name":"INTERBOIS BOIS ET D\u00c9RIV\u00c9","article_modified_time":"2026-01-19T13:27:00+00:00","og_image":[{"width":1080,"height":1080,"url":"https:\/\/bois.maisoninterbois.com\/wp-content\/uploads\/2026\/01\/MDF-hydrofuge.png","type":"image\/png"}],"twitter_card":"summary_large_image","twitter_misc":{"\u0648\u0642\u062a \u0627\u0644\u0642\u0631\u0627\u0621\u0629 \u0627\u0644\u0645\u064f\u0642\u062f\u0651\u0631":"\u062f\u0642\u064a\u0642\u0629 \u0648\u0627\u062d\u062f\u0629"},"schema":{"@context":"https:\/\/schema.org","@graph":[{"@type":"WebPage","@id":"https:\/\/bois.maisoninterbois.com\/product\/panneau-mdf-hydrofuge\/","url":"https:\/\/bois.maisoninterbois.com\/product\/panneau-mdf-hydrofuge\/","name":"Panneau MDF Hydrofuge - INTERBOIS BOIS ET D\u00c9RIV\u00c9","isPartOf":{"@id":"https:\/\/bois.maisoninterbois.com\/#website"},"primaryImageOfPage":{"@id":"https:\/\/bois.maisoninterbois.com\/product\/panneau-mdf-hydrofuge\/#primaryimage"},"image":{"@id":"https:\/\/bois.maisoninterbois.com\/product\/panneau-mdf-hydrofuge\/#primaryimage"},"thumbnailUrl":"https:\/\/bois.maisoninterbois.com\/wp-content\/uploads\/2026\/01\/MDF-hydrofuge.png","datePublished":"2026-01-19T13:26:59+00:00","dateModified":"2026-01-19T13:27:00+00:00","description":"Fond\u00e9e en 1979, Interbois est une soci\u00e9t\u00e9 reconnue pour son expertise dans la vente en gros de bois et de produits d\u00e9riv\u00e9s. Depuis plus de 40 ans","breadcrumb":{"@id":"https:\/\/bois.maisoninterbois.com\/product\/panneau-mdf-hydrofuge\/#breadcrumb"},"inLanguage":"ar","potentialAction":[{"@type":"ReadAction","target":["https:\/\/bois.maisoninterbois.com\/product\/panneau-mdf-hydrofuge\/"]}]},{"@type":"ImageObject","inLanguage":"ar","@id":"https:\/\/bois.maisoninterbois.com\/product\/panneau-mdf-hydrofuge\/#primaryimage","url":"https:\/\/bois.maisoninterbois.com\/wp-content\/uploads\/2026\/01\/MDF-hydrofuge.png","contentUrl":"https:\/\/bois.maisoninterbois.com\/wp-content\/uploads\/2026\/01\/MDF-hydrofuge.png","width":1080,"height":1080},{"@type":"BreadcrumbList","@id":"https:\/\/bois.maisoninterbois.com\/product\/panneau-mdf-hydrofuge\/#breadcrumb","itemListElement":[{"@type":"ListItem","position":1,"name":"Accueil","item":"https:\/\/bois.maisoninterbois.com\/"},{"@type":"ListItem","position":2,"name":"Produits","item":"https:\/\/bois.maisoninterbois.com\/produits\/"},{"@type":"ListItem","position":3,"name":"Panneau MDF Hydrofuge"}]},{"@type":"WebSite","@id":"https:\/\/bois.maisoninterbois.com\/#website","url":"https:\/\/bois.maisoninterbois.com\/","name":"INTERBOIS BOIS ET D\u00c9RIV\u00c9","description":"","publisher":{"@id":"https:\/\/bois.maisoninterbois.com\/#organization"},"potentialAction":[{"@type":"SearchAction","target":{"@type":"EntryPoint","urlTemplate":"https:\/\/bois.maisoninterbois.com\/?s={search_term_string}"},"query-input":{"@type":"PropertyValueSpecification","valueRequired":true,"valueName":"search_term_string"}}],"inLanguage":"ar"},{"@type":"Organization","@id":"https:\/\/bois.maisoninterbois.com\/#organization","name":"INTERBOIS BOIS ET D\u00c9RIV\u00c9","url":"https:\/\/bois.maisoninterbois.com\/","logo":{"@type":"ImageObject","inLanguage":"ar","@id":"https:\/\/bois.maisoninterbois.com\/#\/schema\/logo\/image\/","url":"https:\/\/bois.maisoninterbois.com\/wp-content\/uploads\/2025\/07\/Logo_Interbois_Bois_Black-removebg-preview.png","contentUrl":"https:\/\/bois.maisoninterbois.com\/wp-content\/uploads\/2025\/07\/Logo_Interbois_Bois_Black-removebg-preview.png","width":693,"height":169,"caption":"INTERBOIS BOIS ET D\u00c9RIV\u00c9"},"image":{"@id":"https:\/\/bois.maisoninterbois.com\/#\/schema\/logo\/image\/"}}]}},"_links":{"self":[{"href":"https:\/\/bois.maisoninterbois.com\/ar\/wp-json\/wp\/v2\/product\/3358","targetHints":{"allow":["GET"]}}],"collection":[{"href":"https:\/\/bois.maisoninterbois.com\/ar\/wp-json\/wp\/v2\/product"}],"about":[{"href":"https:\/\/bois.maisoninterbois.com\/ar\/wp-json\/wp\/v2\/types\/product"}],"replies":[{"embeddable":true,"href":"https:\/\/bois.maisoninterbois.com\/ar\/wp-json\/wp\/v2\/comments?post=3358"}],"wp:featuredmedia":[{"embeddable":true,"href":"https:\/\/bois.maisoninterbois.com\/ar\/wp-json\/wp\/v2\/media\/3359"}],"wp:attachment":[{"href":"https:\/\/bois.maisoninterbois.com\/ar\/wp-json\/wp\/v2\/media?parent=3358"}],"wp:term":[{"taxonomy":"product_brand","embeddable":true,"href":"https:\/\/bois.maisoninterbois.com\/ar\/wp-json\/wp\/v2\/product_brand?post=3358"},{"taxonomy":"product_cat","embeddable":true,"href":"https:\/\/bois.maisoninterbois.com\/ar\/wp-json\/wp\/v2\/product_cat?post=3358"},{"taxonomy":"product_tag","embeddable":true,"href":"https:\/\/bois.maisoninterbois.com\/ar\/wp-json\/wp\/v2\/product_tag?post=3358"}],"curies":[{"name":"wp","href":"https:\/\/api.w.org\/{rel}","templated":true}]}}