{"id":2932,"date":"2025-08-01T09:52:00","date_gmt":"2025-08-01T09:52:00","guid":{"rendered":"https:\/\/bois.maisoninterbois.com\/?post_type=product&#038;p=2932"},"modified":"2026-01-19T13:23:04","modified_gmt":"2026-01-19T12:23:04","slug":"bois-dur-africain-europeen","status":"publish","type":"product","link":"https:\/\/bois.maisoninterbois.com\/ar\/product\/bois-dur-africain-europeen\/","title":{"rendered":"Bois Exotique"},"content":{"rendered":"<table class=\"wood-table\">\n<tbody>\n<tr>\n<td class=\"img-col\"><a href=\"https:\/\/bois.maisoninterbois.com\/wp-content\/uploads\/2025\/08\/sapelli.jpg\"><img fetchpriority=\"high\" decoding=\"async\" class=\"alignnone size-medium wp-image-2934\" src=\"https:\/\/bois.maisoninterbois.com\/wp-content\/uploads\/2025\/08\/sapelli-200x300.jpg\" alt=\"\" width=\"200\" height=\"300\" srcset=\"https:\/\/bois.maisoninterbois.com\/wp-content\/uploads\/2025\/08\/sapelli-200x300.jpg 200w, https:\/\/bois.maisoninterbois.com\/wp-content\/uploads\/2025\/08\/sapelli.jpg 408w\" sizes=\"(max-width: 200px) 100vw, 200px\" \/><\/a><\/p>\n<h3 class=\"item-title\">SAPELLI<\/h3>\n<dl>\n<dt>Provenances<\/dt>\n<dd>Cameroun<\/dd>\n<dt>Couleurs<\/dt>\n<dd>Brun rose \u00e0 brun rouge<\/dd>\n<dt>Finitions<\/dt>\n<dd>Brut de sciage<\/dd>\n<dt>Humidit\u00e9 \/ Durabilit\u00e9<\/dt>\n<dd>30% \u00e0 18%<\/dd>\n<dt>Densit\u00e9<\/dt>\n<dd>690 kg\/m3 (lorsque sec \u00e0 12%)<\/dd>\n<dt>DURABILIT\u00c9<\/dt>\n<dd>Classe 2 <\/dd>\n<dt>APPLICATIONS<\/dt>\n<dd>Menuiserie int\u00e9rieure &#038; ext\u00e9rieure haut de gamme, parquet, \u00e9b\u00e9nisterie<\/dd>\n<\/dl>\n<\/td>\n<td class=\"img-col\"><a href=\"https:\/\/bois.maisoninterbois.com\/wp-content\/uploads\/2025\/08\/ayous.jpg\"><img decoding=\"async\" class=\"alignnone size-medium wp-image-2935\" src=\"https:\/\/bois.maisoninterbois.com\/wp-content\/uploads\/2025\/08\/ayous-200x300.jpg\" alt=\"\" width=\"200\" height=\"300\" srcset=\"https:\/\/bois.maisoninterbois.com\/wp-content\/uploads\/2025\/08\/ayous-200x300.jpg 200w, https:\/\/bois.maisoninterbois.com\/wp-content\/uploads\/2025\/08\/ayous-683x1024.jpg 683w, https:\/\/bois.maisoninterbois.com\/wp-content\/uploads\/2025\/08\/ayous-768x1152.jpg 768w, https:\/\/bois.maisoninterbois.com\/wp-content\/uploads\/2025\/08\/ayous-1024x1536.jpg 1024w, https:\/\/bois.maisoninterbois.com\/wp-content\/uploads\/2025\/08\/ayous-937x1405.jpg 937w, https:\/\/bois.maisoninterbois.com\/wp-content\/uploads\/2025\/08\/ayous.jpg 1307w\" sizes=\"(max-width: 200px) 100vw, 200px\" \/><\/a><\/p>\n<h3 class=\"item-title\">AYOUS<\/h3>\n<dl>\n<dt>Provenances<\/dt>\n<dd>Ghana, Cameroun<\/dd>\n<dt>Couleurs<\/dt>\n<dd>Blanc jaun\u00e2tre, jaune clair<\/dd>\n<dt>Finitions<\/dt>\n<dd>Brut de sciage<\/dd>\n<dt>Humidit\u00e9<\/dt>\n<dd>18% <\/dd>\n<dt>DURABILIT\u00c9<\/dt>\n<dd>Classe 1  <\/dd>\n<dt>Densit\u00e9<\/dt>\n<dd>380 kg\/m3 (lorsque sec \u00e0 12%)<\/dd>\n<dt>APPLICATIONS<\/dt>\n<dd>Menuiserie int\u00e9rieure, moulure, sculpture <\/dd>\n<\/dl>\n<\/td>\n<td class=\"img-col\"><a href=\"https:\/\/bois.maisoninterbois.com\/wp-content\/uploads\/2026\/01\/iroko.png\"><img decoding=\"async\" class=\"alignnone size-medium wp-image-2935\" src=\"https:\/\/bois.maisoninterbois.com\/wp-content\/uploads\/2026\/01\/iroko.png\" alt=\"\" width=\"200\" height=\"300\" \/><\/a><\/p>\n<h3 class=\"item-title\">IROKO<\/h3>\n<dl>\n<dt>Provenances<\/dt>\n<dd>Cameroun, Congo<\/dd>\n<dt>Couleurs<\/dt>\n<dd>Brun jaune<\/dd>\n<dt>Finitions<\/dt>\n<dd>Brut de sciage<\/dd>\n<dt>Humidit\u00e9<\/dt>\n<dd>30% \u00e0 18%  <\/dd>\n<dt>DURABILIT\u00c9<\/dt>\n<dd>Classe 3 <\/dd>\n<dt>Densit\u00e9<\/dt>\n<dd>640 kg\/m3 (lorsque sec \u00e0 12%)<\/dd>\n<dt>APPLICATIONS<\/dt>\n<dd>Menuiserie int\u00e9rieure &#038; ext\u00e9rieure haut de gamme, parquet, \u00e9b\u00e9nisterie <\/dd>\n<\/dl>\n<\/td>\n<\/tr>\n<tr>\n<td class=\"img-col\"><a href=\"https:\/\/bois.maisoninterbois.com\/wp-content\/uploads\/2026\/01\/sipo.png\"><img loading=\"lazy\" decoding=\"async\" class=\"alignnone size-medium wp-image-2934\" src=\"https:\/\/bois.maisoninterbois.com\/wp-content\/uploads\/2026\/01\/sipo.png\" alt=\"\" width=\"200\" height=\"300\" \/><\/a><\/p>\n<h3 class=\"item-title\">SIPO<\/h3>\n<dl>\n<dt>Provenances<\/dt>\n<dd>RCA<\/dd>\n<dt>Couleurs<\/dt>\n<dd>Brun rouge<\/dd>\n<dt>Finitions<\/dt>\n<dd>Brut de sciage<\/dd>\n<dt>Humidit\u00e9 \/ Durabilit\u00e9<\/dt>\n<dd>30% \u00e0 18%<\/dd>\n<dt>Densit\u00e9<\/dt>\n<dd>620 kg\/m3 (lorsque sec \u00e0 12%)<\/dd>\n<dt>DURABILIT\u00c9<\/dt>\n<dd>Classe 3 <\/dd>\n<dt>APPLICATIONS<\/dt>\n<dd>Menuiserie int\u00e9rieure &#038; ext\u00e9rieure haut de gamme, parquet, \u00e9b\u00e9nisterie<\/dd>\n<\/dl>\n<\/td>\n<td class=\"img-col\"><a href=\"https:\/\/bois.maisoninterbois.com\/wp-content\/uploads\/2026\/01\/okoume.png\"><img loading=\"lazy\" decoding=\"async\" class=\"alignnone size-medium wp-image-2935\" src=\"https:\/\/bois.maisoninterbois.com\/wp-content\/uploads\/2026\/01\/okoume.png\" alt=\"\" width=\"200\" height=\"300\" \/><\/a><\/p>\n<h3 class=\"item-title\">Okoum\u00e9 <\/h3>\n<dl>\n<dt>Provenances<\/dt>\n<dd>Gabon, Congo, Cameroun<\/dd>\n<dt>Couleurs<\/dt>\n<dd>Rose p\u00e2le \u00e0 brun ros\u00e9, s\u2019\u00e9claircissant avec le temps<\/dd>\n<dt>Finitions<\/dt>\n<dd>Brut de sciage<\/dd>\n<dt>Humidit\u00e9<\/dt>\n<dd>30% \u00e0 18%  <\/dd>\n<dt>DURABILIT\u00c9<\/dt>\n<dd>Classe 2  <\/dd>\n<dt>Densit\u00e9<\/dt>\n<dd>430 kg\/m3 (lorsque sec \u00e0 12%)<\/dd>\n<dt>APPLICATIONS<\/dt>\n<dd>Menuiserie int\u00e9rieure &#038; agencement <\/dd>\n<\/dl>\n<\/td>\n<td class=\"img-col\"><a https:><img loading=\"lazy\" decoding=\"async\" class=\"alignnone size-medium wp-image-2935\" src=\"https:\/\/bois.maisoninterbois.com\/wp-content\/uploads\/2026\/01\/tali.png\" alt=\"\" width=\"200\" height=\"300\" \/><\/a><\/p>\n<h3 class=\"item-title\">Tali <\/h3>\n<dl>\n<dt>Provenances<\/dt>\n<dd>Cameroun, Gabon, Congo<\/dd>\n<dt>Couleurs<\/dt>\n<dd>Brun jaune \u00e0 brun fonc\u00e9<\/dd>\n<dt>Finitions<\/dt>\n<dd>Brut de sciage<\/dd>\n<dt>Humidit\u00e9<\/dt>\n<dd>30% \u00e0 18%  <\/dd>\n<dt>DURABILIT\u00c9<\/dt>\n<dd>Classe 4 <\/dd>\n<dt>Densit\u00e9<\/dt>\n<dd>900 kg\/m3 (lorsque sec \u00e0 12%)<\/dd>\n<dt>APPLICATIONS<\/dt>\n<dd>Menuiserie ext\u00e9rieure &#038; int\u00e9rieure, platelages ext\u00e9rieurs, construction lourde, charpente <\/dd>\n<\/dl>\n<\/td>\n<\/tr>\n<tr>\n<td class=\"img-col\"><a href=\"https:\/\/bois.maisoninterbois.com\/wp-content\/uploads\/2026\/01\/kossipo.png\"><img loading=\"lazy\" decoding=\"async\" class=\"alignnone size-medium wp-image-2934\" src=\"https:\/\/bois.maisoninterbois.com\/wp-content\/uploads\/2026\/01\/kossipo.png\" alt=\"\" width=\"200\" height=\"300\" \/><\/a><\/p>\n<h3 class=\"item-title\">KOSSIPO<\/h3>\n<dl>\n<dt>Provenances<\/dt>\n<dd>Cameroun, Ghana<\/dd>\n<dt>Couleurs<\/dt>\n<dd>Brun rouge \u00e0 reflets violets<\/dd>\n<dt>Finitions<\/dt>\n<dd>Brut de sciage<\/dd>\n<dt>Humidit\u00e9 \/ Durabilit\u00e9<\/dt>\n<dd>30% \u00e0 18%<\/dd>\n<dt>Densit\u00e9<\/dt>\n<dd>690 kg\/m3 (lorsque sec \u00e0 12%)<\/dd>\n<dt>DURABILIT\u00c9<\/dt>\n<dd>Classe 3 <\/dd>\n<dt>APPLICATIONS<\/dt>\n<dd>Menuiserie int\u00e9rieure &#038; ext\u00e9rieure, parquet, \u00e9b\u00e9nisterie<\/dd>\n<\/dl>\n<\/td>\n<td class=\"img-col\"><a href=\"https:\/\/bois.maisoninterbois.com\/wp-content\/uploads\/2026\/01\/noyer.png\"><img loading=\"lazy\" decoding=\"async\" class=\"alignnone size-medium wp-image-2935\" src=\"https:\/\/bois.maisoninterbois.com\/wp-content\/uploads\/2026\/01\/noyer.png\" alt=\"\" width=\"200\" height=\"300\" \/><\/a><\/p>\n<h3 class=\"item-title\">NOYER <\/h3>\n<dl>\n<dt>Provenances<\/dt>\n<dd>Am\u00e9rique du Nord<\/dd>\n<dt>Couleurs<\/dt>\n<dd>Brun clair \u00e0 brun fonc\u00e9<\/dd>\n<dt>Finitions<\/dt>\n<dd>Brut de sciage<\/dd>\n<dt>Humidit\u00e9<\/dt>\n<dd>30% \u00e0 18%  <\/dd>\n<dt>DURABILIT\u00c9<\/dt>\n<dd>Classe 2  <\/dd>\n<dt>Densit\u00e9<\/dt>\n<dd>640 kg\/m3 (lorsque sec \u00e0 12%)<\/dd>\n<dt>APPLICATIONS<\/dt>\n<dd>\u00c9b\u00e9nisterie, ameublement haut de gamme, menuiserie int\u00e9rieure, agencement, objets d\u00e9coratifs <\/dd>\n<\/dl>\n<\/td>\n<td class=\"img-col\"><a href=\"https:\/\/bois.maisoninterbois.com\/wp-content\/uploads\/2026\/01\/teck.png\"><img loading=\"lazy\" decoding=\"async\" class=\"alignnone size-medium wp-image-2935\" src=\"https:\/\/bois.maisoninterbois.com\/wp-content\/uploads\/2026\/01\/teck.png\" alt=\"\" width=\"200\" height=\"300\" \/><\/a><\/p>\n<h3 class=\"item-title\">TECK <\/h3>\n<dl>\n<dt>Provenances<\/dt>\n<dd>Asie du Sud-Est<\/dd>\n<dt>Couleurs<\/dt>\n<dd>Brun dor\u00e9 \u00e0 brun miel, fon\u00e7ant l\u00e9g\u00e8rement avec le temps<\/dd>\n<dt>Finitions<\/dt>\n<dd>Brut de sciage<\/dd>\n<dt>Humidit\u00e9<\/dt>\n<dd>30% \u00e0 18%  <\/dd>\n<dt>DURABILIT\u00c9<\/dt>\n<dd>Classe 4 <\/dd>\n<dt>Densit\u00e9<\/dt>\n<dd>650 kg\/m3 (lorsque sec \u00e0 12%)<\/dd>\n<dt>APPLICATIONS<\/dt>\n<dd>Terrasses, ponts de bateaux, menuiserie ext\u00e9rieure haut de gamme, mobilier d\u2019ext\u00e9rieur, am\u00e9nagement nautique, agencement de prestige <\/dd>\n<\/dl>\n<\/td>\n<\/tr>\n<\/tbody>\n<\/table>","protected":false},"excerpt":{"rendered":"<p><span style=\"color: #000000;\"><strong>MAISON INTERBOIS<\/strong> assure l\u2019importation et le stockage d\u2019une large s\u00e9lection de bois exotiques issus principalement d\u2019Afrique, Asie ou de l\u2019Am\u00e9rique du Sud. Reconnues pour leur qualit\u00e9 remarquable, ces essences nobles se distinguent par leur esth\u00e9tique unique et leurs performances techniques \u00e9lev\u00e9es.<\/span><\/p>\n<p><span style=\"color: #000000;\">Tr\u00e8s appr\u00e9ci\u00e9s dans les domaines de la menuiserie int\u00e9rieure et ext\u00e9rieure haut de gamme, les bois exotiques allient \u00e9l\u00e9gance, durabilit\u00e9 et r\u00e9sistance. Au-del\u00e0 de leur aspect d\u00e9coratif, certaines essences b\u00e9n\u00e9ficient d\u2019une durabilit\u00e9 naturelle de classe 4, les rendant particuli\u00e8rement adapt\u00e9es aux usages ext\u00e9rieurs, notamment pour la fabrication de lames de terrasse et d\u2019am\u00e9nagements expos\u00e9s aux intemp\u00e9ries.<\/span><\/p>","protected":false},"featured_media":3331,"comment_status":"open","ping_status":"closed","template":"","meta":[],"product_brand":[],"product_cat":[15],"product_tag":[],"class_list":{"0":"post-2932","1":"product","2":"type-product","3":"status-publish","4":"has-post-thumbnail","6":"product_cat-interbois","8":"first","9":"instock","10":"shipping-taxable","11":"product-type-simple","12":"layout-style-2","13":"col-md-4 col-sm-4 col-xs-6","14":"col-lg-3","15":"product-has-gallery","16":"product-style-addtocart"},"yoast_head":"<!-- This site is optimized with the Yoast SEO plugin v27.3 - https:\/\/yoast.com\/product\/yoast-seo-wordpress\/ -->\n<title>Bois Exotique - INTERBOIS BOIS ET D\u00c9RIV\u00c9<\/title>\n<meta name=\"description\" content=\"Fond\u00e9e en 1979, Interbois est une soci\u00e9t\u00e9 reconnue pour son expertise dans la vente en gros de bois et de produits d\u00e9riv\u00e9s. Depuis plus de 40 ans\" \/>\n<meta name=\"robots\" content=\"index, follow, max-snippet:-1, max-image-preview:large, max-video-preview:-1\" \/>\n<link rel=\"canonical\" href=\"https:\/\/bois.maisoninterbois.com\/ar\/product\/bois-dur-africain-europeen\/\" \/>\n<meta property=\"og:locale\" content=\"ar_AR\" \/>\n<meta property=\"og:type\" content=\"article\" \/>\n<meta property=\"og:title\" content=\"Bois Exotique - INTERBOIS BOIS ET D\u00c9RIV\u00c9\" \/>\n<meta property=\"og:description\" content=\"Fond\u00e9e en 1979, Interbois est une soci\u00e9t\u00e9 reconnue pour son expertise dans la vente en gros de bois et de produits d\u00e9riv\u00e9s. Depuis plus de 40 ans\" \/>\n<meta property=\"og:url\" content=\"https:\/\/bois.maisoninterbois.com\/ar\/product\/bois-dur-africain-europeen\/\" \/>\n<meta property=\"og:site_name\" content=\"INTERBOIS BOIS ET D\u00c9RIV\u00c9\" \/>\n<meta property=\"article:modified_time\" content=\"2026-01-19T12:23:04+00:00\" \/>\n<meta property=\"og:image\" content=\"https:\/\/bois.maisoninterbois.com\/wp-content\/uploads\/2025\/08\/Bois-exotique-6.png\" \/>\n\t<meta property=\"og:image:width\" content=\"1080\" \/>\n\t<meta property=\"og:image:height\" content=\"1080\" \/>\n\t<meta property=\"og:image:type\" content=\"image\/png\" \/>\n<meta name=\"twitter:card\" content=\"summary_large_image\" \/>\n<meta name=\"twitter:label1\" content=\"\u0648\u0642\u062a \u0627\u0644\u0642\u0631\u0627\u0621\u0629 \u0627\u0644\u0645\u064f\u0642\u062f\u0651\u0631\" \/>\n\t<meta name=\"twitter:data1\" content=\"4 \u062f\u0642\u0627\u0626\u0642\" \/>\n<script type=\"application\/ld+json\" class=\"yoast-schema-graph\">{\"@context\":\"https:\\\/\\\/schema.org\",\"@graph\":[{\"@type\":\"WebPage\",\"@id\":\"https:\\\/\\\/bois.maisoninterbois.com\\\/product\\\/bois-dur-africain-europeen\\\/\",\"url\":\"https:\\\/\\\/bois.maisoninterbois.com\\\/product\\\/bois-dur-africain-europeen\\\/\",\"name\":\"Bois Exotique - INTERBOIS BOIS ET D\u00c9RIV\u00c9\",\"isPartOf\":{\"@id\":\"https:\\\/\\\/bois.maisoninterbois.com\\\/#website\"},\"primaryImageOfPage\":{\"@id\":\"https:\\\/\\\/bois.maisoninterbois.com\\\/product\\\/bois-dur-africain-europeen\\\/#primaryimage\"},\"image\":{\"@id\":\"https:\\\/\\\/bois.maisoninterbois.com\\\/product\\\/bois-dur-africain-europeen\\\/#primaryimage\"},\"thumbnailUrl\":\"https:\\\/\\\/bois.maisoninterbois.com\\\/wp-content\\\/uploads\\\/2025\\\/08\\\/Bois-exotique-6.png\",\"datePublished\":\"2025-08-01T09:52:00+00:00\",\"dateModified\":\"2026-01-19T12:23:04+00:00\",\"description\":\"Fond\u00e9e en 1979, Interbois est une soci\u00e9t\u00e9 reconnue pour son expertise dans la vente en gros de bois et de produits d\u00e9riv\u00e9s. Depuis plus de 40 ans\",\"breadcrumb\":{\"@id\":\"https:\\\/\\\/bois.maisoninterbois.com\\\/product\\\/bois-dur-africain-europeen\\\/#breadcrumb\"},\"inLanguage\":\"ar\",\"potentialAction\":[{\"@type\":\"ReadAction\",\"target\":[\"https:\\\/\\\/bois.maisoninterbois.com\\\/product\\\/bois-dur-africain-europeen\\\/\"]}]},{\"@type\":\"ImageObject\",\"inLanguage\":\"ar\",\"@id\":\"https:\\\/\\\/bois.maisoninterbois.com\\\/product\\\/bois-dur-africain-europeen\\\/#primaryimage\",\"url\":\"https:\\\/\\\/bois.maisoninterbois.com\\\/wp-content\\\/uploads\\\/2025\\\/08\\\/Bois-exotique-6.png\",\"contentUrl\":\"https:\\\/\\\/bois.maisoninterbois.com\\\/wp-content\\\/uploads\\\/2025\\\/08\\\/Bois-exotique-6.png\",\"width\":1080,\"height\":1080},{\"@type\":\"BreadcrumbList\",\"@id\":\"https:\\\/\\\/bois.maisoninterbois.com\\\/product\\\/bois-dur-africain-europeen\\\/#breadcrumb\",\"itemListElement\":[{\"@type\":\"ListItem\",\"position\":1,\"name\":\"Accueil\",\"item\":\"https:\\\/\\\/bois.maisoninterbois.com\\\/\"},{\"@type\":\"ListItem\",\"position\":2,\"name\":\"Produits\",\"item\":\"https:\\\/\\\/bois.maisoninterbois.com\\\/produits\\\/\"},{\"@type\":\"ListItem\",\"position\":3,\"name\":\"Bois Exotique\"}]},{\"@type\":\"WebSite\",\"@id\":\"https:\\\/\\\/bois.maisoninterbois.com\\\/#website\",\"url\":\"https:\\\/\\\/bois.maisoninterbois.com\\\/\",\"name\":\"INTERBOIS BOIS ET D\u00c9RIV\u00c9\",\"description\":\"\",\"publisher\":{\"@id\":\"https:\\\/\\\/bois.maisoninterbois.com\\\/#organization\"},\"potentialAction\":[{\"@type\":\"SearchAction\",\"target\":{\"@type\":\"EntryPoint\",\"urlTemplate\":\"https:\\\/\\\/bois.maisoninterbois.com\\\/?s={search_term_string}\"},\"query-input\":{\"@type\":\"PropertyValueSpecification\",\"valueRequired\":true,\"valueName\":\"search_term_string\"}}],\"inLanguage\":\"ar\"},{\"@type\":\"Organization\",\"@id\":\"https:\\\/\\\/bois.maisoninterbois.com\\\/#organization\",\"name\":\"INTERBOIS BOIS ET D\u00c9RIV\u00c9\",\"url\":\"https:\\\/\\\/bois.maisoninterbois.com\\\/\",\"logo\":{\"@type\":\"ImageObject\",\"inLanguage\":\"ar\",\"@id\":\"https:\\\/\\\/bois.maisoninterbois.com\\\/#\\\/schema\\\/logo\\\/image\\\/\",\"url\":\"https:\\\/\\\/bois.maisoninterbois.com\\\/wp-content\\\/uploads\\\/2025\\\/07\\\/Logo_Interbois_Bois_Black-removebg-preview.png\",\"contentUrl\":\"https:\\\/\\\/bois.maisoninterbois.com\\\/wp-content\\\/uploads\\\/2025\\\/07\\\/Logo_Interbois_Bois_Black-removebg-preview.png\",\"width\":693,\"height\":169,\"caption\":\"INTERBOIS BOIS ET D\u00c9RIV\u00c9\"},\"image\":{\"@id\":\"https:\\\/\\\/bois.maisoninterbois.com\\\/#\\\/schema\\\/logo\\\/image\\\/\"}}]}<\/script>\n<!-- \/ Yoast SEO plugin. -->","yoast_head_json":{"title":"Bois Exotique - INTERBOIS BOIS ET D\u00c9RIV\u00c9","description":"Fond\u00e9e en 1979, Interbois est une soci\u00e9t\u00e9 reconnue pour son expertise dans la vente en gros de bois et de produits d\u00e9riv\u00e9s. Depuis plus de 40 ans","robots":{"index":"index","follow":"follow","max-snippet":"max-snippet:-1","max-image-preview":"max-image-preview:large","max-video-preview":"max-video-preview:-1"},"canonical":"https:\/\/bois.maisoninterbois.com\/ar\/product\/bois-dur-africain-europeen\/","og_locale":"ar_AR","og_type":"article","og_title":"Bois Exotique - INTERBOIS BOIS ET D\u00c9RIV\u00c9","og_description":"Fond\u00e9e en 1979, Interbois est une soci\u00e9t\u00e9 reconnue pour son expertise dans la vente en gros de bois et de produits d\u00e9riv\u00e9s. Depuis plus de 40 ans","og_url":"https:\/\/bois.maisoninterbois.com\/ar\/product\/bois-dur-africain-europeen\/","og_site_name":"INTERBOIS BOIS ET D\u00c9RIV\u00c9","article_modified_time":"2026-01-19T12:23:04+00:00","og_image":[{"width":1080,"height":1080,"url":"https:\/\/bois.maisoninterbois.com\/wp-content\/uploads\/2025\/08\/Bois-exotique-6.png","type":"image\/png"}],"twitter_card":"summary_large_image","twitter_misc":{"\u0648\u0642\u062a \u0627\u0644\u0642\u0631\u0627\u0621\u0629 \u0627\u0644\u0645\u064f\u0642\u062f\u0651\u0631":"4 \u062f\u0642\u0627\u0626\u0642"},"schema":{"@context":"https:\/\/schema.org","@graph":[{"@type":"WebPage","@id":"https:\/\/bois.maisoninterbois.com\/product\/bois-dur-africain-europeen\/","url":"https:\/\/bois.maisoninterbois.com\/product\/bois-dur-africain-europeen\/","name":"Bois Exotique - INTERBOIS BOIS ET D\u00c9RIV\u00c9","isPartOf":{"@id":"https:\/\/bois.maisoninterbois.com\/#website"},"primaryImageOfPage":{"@id":"https:\/\/bois.maisoninterbois.com\/product\/bois-dur-africain-europeen\/#primaryimage"},"image":{"@id":"https:\/\/bois.maisoninterbois.com\/product\/bois-dur-africain-europeen\/#primaryimage"},"thumbnailUrl":"https:\/\/bois.maisoninterbois.com\/wp-content\/uploads\/2025\/08\/Bois-exotique-6.png","datePublished":"2025-08-01T09:52:00+00:00","dateModified":"2026-01-19T12:23:04+00:00","description":"Fond\u00e9e en 1979, Interbois est une soci\u00e9t\u00e9 reconnue pour son expertise dans la vente en gros de bois et de produits d\u00e9riv\u00e9s. Depuis plus de 40 ans","breadcrumb":{"@id":"https:\/\/bois.maisoninterbois.com\/product\/bois-dur-africain-europeen\/#breadcrumb"},"inLanguage":"ar","potentialAction":[{"@type":"ReadAction","target":["https:\/\/bois.maisoninterbois.com\/product\/bois-dur-africain-europeen\/"]}]},{"@type":"ImageObject","inLanguage":"ar","@id":"https:\/\/bois.maisoninterbois.com\/product\/bois-dur-africain-europeen\/#primaryimage","url":"https:\/\/bois.maisoninterbois.com\/wp-content\/uploads\/2025\/08\/Bois-exotique-6.png","contentUrl":"https:\/\/bois.maisoninterbois.com\/wp-content\/uploads\/2025\/08\/Bois-exotique-6.png","width":1080,"height":1080},{"@type":"BreadcrumbList","@id":"https:\/\/bois.maisoninterbois.com\/product\/bois-dur-africain-europeen\/#breadcrumb","itemListElement":[{"@type":"ListItem","position":1,"name":"Accueil","item":"https:\/\/bois.maisoninterbois.com\/"},{"@type":"ListItem","position":2,"name":"Produits","item":"https:\/\/bois.maisoninterbois.com\/produits\/"},{"@type":"ListItem","position":3,"name":"Bois Exotique"}]},{"@type":"WebSite","@id":"https:\/\/bois.maisoninterbois.com\/#website","url":"https:\/\/bois.maisoninterbois.com\/","name":"INTERBOIS BOIS ET D\u00c9RIV\u00c9","description":"","publisher":{"@id":"https:\/\/bois.maisoninterbois.com\/#organization"},"potentialAction":[{"@type":"SearchAction","target":{"@type":"EntryPoint","urlTemplate":"https:\/\/bois.maisoninterbois.com\/?s={search_term_string}"},"query-input":{"@type":"PropertyValueSpecification","valueRequired":true,"valueName":"search_term_string"}}],"inLanguage":"ar"},{"@type":"Organization","@id":"https:\/\/bois.maisoninterbois.com\/#organization","name":"INTERBOIS BOIS ET D\u00c9RIV\u00c9","url":"https:\/\/bois.maisoninterbois.com\/","logo":{"@type":"ImageObject","inLanguage":"ar","@id":"https:\/\/bois.maisoninterbois.com\/#\/schema\/logo\/image\/","url":"https:\/\/bois.maisoninterbois.com\/wp-content\/uploads\/2025\/07\/Logo_Interbois_Bois_Black-removebg-preview.png","contentUrl":"https:\/\/bois.maisoninterbois.com\/wp-content\/uploads\/2025\/07\/Logo_Interbois_Bois_Black-removebg-preview.png","width":693,"height":169,"caption":"INTERBOIS BOIS ET D\u00c9RIV\u00c9"},"image":{"@id":"https:\/\/bois.maisoninterbois.com\/#\/schema\/logo\/image\/"}}]}},"_links":{"self":[{"href":"https:\/\/bois.maisoninterbois.com\/ar\/wp-json\/wp\/v2\/product\/2932","targetHints":{"allow":["GET"]}}],"collection":[{"href":"https:\/\/bois.maisoninterbois.com\/ar\/wp-json\/wp\/v2\/product"}],"about":[{"href":"https:\/\/bois.maisoninterbois.com\/ar\/wp-json\/wp\/v2\/types\/product"}],"replies":[{"embeddable":true,"href":"https:\/\/bois.maisoninterbois.com\/ar\/wp-json\/wp\/v2\/comments?post=2932"}],"wp:featuredmedia":[{"embeddable":true,"href":"https:\/\/bois.maisoninterbois.com\/ar\/wp-json\/wp\/v2\/media\/3331"}],"wp:attachment":[{"href":"https:\/\/bois.maisoninterbois.com\/ar\/wp-json\/wp\/v2\/media?parent=2932"}],"wp:term":[{"taxonomy":"product_brand","embeddable":true,"href":"https:\/\/bois.maisoninterbois.com\/ar\/wp-json\/wp\/v2\/product_brand?post=2932"},{"taxonomy":"product_cat","embeddable":true,"href":"https:\/\/bois.maisoninterbois.com\/ar\/wp-json\/wp\/v2\/product_cat?post=2932"},{"taxonomy":"product_tag","embeddable":true,"href":"https:\/\/bois.maisoninterbois.com\/ar\/wp-json\/wp\/v2\/product_tag?post=2932"}],"curies":[{"name":"wp","href":"https:\/\/api.w.org\/{rel}","templated":true}]}}