{"id":2835,"date":"2025-07-30T11:11:53","date_gmt":"2025-07-30T11:11:53","guid":{"rendered":"https:\/\/bois.maisoninterbois.com\/?post_type=product&#038;p=2835"},"modified":"2026-01-19T14:02:16","modified_gmt":"2026-01-19T13:02:16","slug":"panneaux-de-coffrage","status":"publish","type":"product","link":"https:\/\/bois.maisoninterbois.com\/ar\/product\/panneaux-de-coffrage\/","title":{"rendered":"Panneaux de Coffrage"},"content":{"rendered":"<table class=\"wood-table desc coffre\" style=\"border-collapse: collapse;\">\n<tbody>\n<tr>\n<th>Identification g\u00e9n\u00e9rale<\/th>\n<th><\/th>\n<\/tr>\n<tr>\n<td>D\u00e9signation<\/td>\n<td>Panneau de coffrage bois 3 plis<\/td>\n<\/tr>\n<tr>\n<td>Marque<\/td>\n<td>Kaufmann<\/td>\n<\/tr>\n<tr>\n<td>Type<\/td>\n<td>Panneau de coffrage pour b\u00e9ton<\/td>\n<\/tr>\n<tr>\n<td>Utilisation<\/td>\n<td>Coffrage temporaire<\/td>\n<\/tr>\n<\/tbody>\n<\/table>\n<table class=\"wood-table desc coffre\" style=\"border-collapse: collapse;\">\n<tr>\n<th>Provenance &#038; mati\u00e8re<\/th>\n<th><\/th>\n<\/tr>\n<tr>\n<td>Provenance<\/td>\n<td>Europe (Autriche)<\/td>\n<\/tr>\n<tr>\n<td>Type de bois<\/td>\n<td>Bois massif 3 plis<\/td>\n<\/tr>\n<tr>\n<td>Essences<\/td>\n<td>\u00c9pic\u00e9a \/ Sapin<\/td>\n<\/tr>\n<tr>\n<td>Humidit\u00e9<\/td>\n<td>12 % \u00b1 3 %<\/td>\n<\/tr>\n<\/table>\n<table class=\"wood-table desc coffre\" style=\"border-collapse: collapse;\">\n<tr>\n<th>Rev\u00eatement<\/th>\n<th><\/th>\n<\/tr>\n<tr>\n<td>Faces<\/td>\n<td>R\u00e9sine m\u00e9lamine<\/td>\n<\/tr>\n<tr>\n<td>Chants<\/td>\n<td>Vernis hydrofuge \/ PU<\/td>\n<\/tr>\n<tr>\n<td>Couleur<\/td>\n<td>Jaune<\/td>\n<\/tr>\n<\/table>\n<table class=\"wood-table desc coffre\" style=\"border-collapse: collapse;\">\n<tr>\n<th>Dimensions<\/th>\n<th><\/th>\n<\/tr>\n<tr>\n<td>\u00c9paisseurs<\/td>\n<td>27 mm \/ 21 mm<\/td>\n<\/tr>\n<tr>\n<td>Largeurs<\/td>\n<td>50 \u2013 100 \u2013 150 \u2013 200 cm<\/td>\n<\/tr>\n<tr>\n<td>Longueurs<\/td>\n<td>100 \u2013 150 \u2013 200 \u2013 250 \u2013 300 cm<\/td>\n<\/tr>\n<\/table>\n<table class=\"wood-table desc coffre\" style=\"border-collapse: collapse;\">\n<tr>\n<th>Applications<\/th>\n<th><\/th>\n<\/tr>\n<tr>\n<td>Murs<\/td>\n<td>Oui<\/td>\n<\/tr>\n<tr>\n<td>Dalles<\/td>\n<td>Oui<\/td>\n<\/tr>\n<tr>\n<td>Fondations<\/td>\n<td>Oui<\/td>\n<\/tr>\n<tr>\n<td>Poteaux<\/td>\n<td>Oui<\/td>\n<\/tr>\n<\/table>","protected":false},"excerpt":{"rendered":"<p><span style=\"color: #000000;\">Nos panneaux de coffrage sont con\u00e7us pour r\u00e9pondre aux exigences des chantiers modernes en mati\u00e8re de r\u00e9sistance, de pr\u00e9cision et de durabilit\u00e9.<\/span><br \/>\n<span style=\"color: #000000;\">Fabriqu\u00e9s \u00e0 partir de bois s\u00e9lectionn\u00e9s et trait\u00e9s pour garantir une performance optimale, ils assurent une excellente stabilit\u00e9 dimensionnelle et une surface de b\u00e9tonnage r\u00e9guli\u00e8re.<\/span><\/p>\n<p><span style=\"color: #000000;\">Parce que la qualit\u00e9 est au c\u0153ur de nos engagements, nous choisissons les r\u00e9f\u00e9rences les plus performantes du march\u00e9, dont <strong>Kaufmann<\/strong><\/span><\/p>","protected":false},"featured_media":3353,"comment_status":"open","ping_status":"closed","template":"","meta":[],"product_brand":[],"product_cat":[15],"product_tag":[],"class_list":{"0":"post-2835","1":"product","2":"type-product","3":"status-publish","4":"has-post-thumbnail","6":"product_cat-interbois","8":"first","9":"instock","10":"shipping-taxable","11":"product-type-simple","12":"layout-style-2","13":"col-md-4 col-sm-4 col-xs-6","14":"col-lg-3","15":"product-style-addtocart"},"yoast_head":"<!-- This site is optimized with the Yoast SEO plugin v27.3 - https:\/\/yoast.com\/product\/yoast-seo-wordpress\/ -->\n<title>Panneaux de Coffrage - INTERBOIS BOIS ET D\u00c9RIV\u00c9<\/title>\n<meta name=\"description\" content=\"Fond\u00e9e en 1979, Interbois est une soci\u00e9t\u00e9 reconnue pour son expertise dans la vente en gros de bois et de produits d\u00e9riv\u00e9s. Depuis plus de 40 ans\" \/>\n<meta name=\"robots\" content=\"index, follow, max-snippet:-1, max-image-preview:large, max-video-preview:-1\" \/>\n<link rel=\"canonical\" href=\"https:\/\/bois.maisoninterbois.com\/ar\/product\/panneaux-de-coffrage\/\" \/>\n<meta property=\"og:locale\" content=\"ar_AR\" \/>\n<meta property=\"og:type\" content=\"article\" \/>\n<meta property=\"og:title\" content=\"Panneaux de Coffrage - INTERBOIS BOIS ET D\u00c9RIV\u00c9\" \/>\n<meta property=\"og:description\" content=\"Fond\u00e9e en 1979, Interbois est une soci\u00e9t\u00e9 reconnue pour son expertise dans la vente en gros de bois et de produits d\u00e9riv\u00e9s. Depuis plus de 40 ans\" \/>\n<meta property=\"og:url\" content=\"https:\/\/bois.maisoninterbois.com\/ar\/product\/panneaux-de-coffrage\/\" \/>\n<meta property=\"og:site_name\" content=\"INTERBOIS BOIS ET D\u00c9RIV\u00c9\" \/>\n<meta property=\"article:modified_time\" content=\"2026-01-19T13:02:16+00:00\" \/>\n<meta property=\"og:image\" content=\"https:\/\/bois.maisoninterbois.com\/wp-content\/uploads\/2025\/07\/Design-sans-titre-1-2.png\" \/>\n\t<meta property=\"og:image:width\" content=\"1080\" \/>\n\t<meta property=\"og:image:height\" content=\"1080\" \/>\n\t<meta property=\"og:image:type\" content=\"image\/png\" \/>\n<meta name=\"twitter:card\" content=\"summary_large_image\" \/>\n<meta name=\"twitter:label1\" content=\"\u0648\u0642\u062a \u0627\u0644\u0642\u0631\u0627\u0621\u0629 \u0627\u0644\u0645\u064f\u0642\u062f\u0651\u0631\" \/>\n\t<meta name=\"twitter:data1\" content=\"\u062f\u0642\u064a\u0642\u0629 \u0648\u0627\u062d\u062f\u0629\" \/>\n<script type=\"application\/ld+json\" class=\"yoast-schema-graph\">{\"@context\":\"https:\\\/\\\/schema.org\",\"@graph\":[{\"@type\":\"WebPage\",\"@id\":\"https:\\\/\\\/bois.maisoninterbois.com\\\/product\\\/panneaux-de-coffrage\\\/\",\"url\":\"https:\\\/\\\/bois.maisoninterbois.com\\\/product\\\/panneaux-de-coffrage\\\/\",\"name\":\"Panneaux de Coffrage - INTERBOIS BOIS ET D\u00c9RIV\u00c9\",\"isPartOf\":{\"@id\":\"https:\\\/\\\/bois.maisoninterbois.com\\\/#website\"},\"primaryImageOfPage\":{\"@id\":\"https:\\\/\\\/bois.maisoninterbois.com\\\/product\\\/panneaux-de-coffrage\\\/#primaryimage\"},\"image\":{\"@id\":\"https:\\\/\\\/bois.maisoninterbois.com\\\/product\\\/panneaux-de-coffrage\\\/#primaryimage\"},\"thumbnailUrl\":\"https:\\\/\\\/bois.maisoninterbois.com\\\/wp-content\\\/uploads\\\/2025\\\/07\\\/Design-sans-titre-1-2.png\",\"datePublished\":\"2025-07-30T11:11:53+00:00\",\"dateModified\":\"2026-01-19T13:02:16+00:00\",\"description\":\"Fond\u00e9e en 1979, Interbois est une soci\u00e9t\u00e9 reconnue pour son expertise dans la vente en gros de bois et de produits d\u00e9riv\u00e9s. Depuis plus de 40 ans\",\"breadcrumb\":{\"@id\":\"https:\\\/\\\/bois.maisoninterbois.com\\\/product\\\/panneaux-de-coffrage\\\/#breadcrumb\"},\"inLanguage\":\"ar\",\"potentialAction\":[{\"@type\":\"ReadAction\",\"target\":[\"https:\\\/\\\/bois.maisoninterbois.com\\\/product\\\/panneaux-de-coffrage\\\/\"]}]},{\"@type\":\"ImageObject\",\"inLanguage\":\"ar\",\"@id\":\"https:\\\/\\\/bois.maisoninterbois.com\\\/product\\\/panneaux-de-coffrage\\\/#primaryimage\",\"url\":\"https:\\\/\\\/bois.maisoninterbois.com\\\/wp-content\\\/uploads\\\/2025\\\/07\\\/Design-sans-titre-1-2.png\",\"contentUrl\":\"https:\\\/\\\/bois.maisoninterbois.com\\\/wp-content\\\/uploads\\\/2025\\\/07\\\/Design-sans-titre-1-2.png\",\"width\":1080,\"height\":1080},{\"@type\":\"BreadcrumbList\",\"@id\":\"https:\\\/\\\/bois.maisoninterbois.com\\\/product\\\/panneaux-de-coffrage\\\/#breadcrumb\",\"itemListElement\":[{\"@type\":\"ListItem\",\"position\":1,\"name\":\"Accueil\",\"item\":\"https:\\\/\\\/bois.maisoninterbois.com\\\/\"},{\"@type\":\"ListItem\",\"position\":2,\"name\":\"Produits\",\"item\":\"https:\\\/\\\/bois.maisoninterbois.com\\\/produits\\\/\"},{\"@type\":\"ListItem\",\"position\":3,\"name\":\"Panneaux de Coffrage\"}]},{\"@type\":\"WebSite\",\"@id\":\"https:\\\/\\\/bois.maisoninterbois.com\\\/#website\",\"url\":\"https:\\\/\\\/bois.maisoninterbois.com\\\/\",\"name\":\"INTERBOIS BOIS ET D\u00c9RIV\u00c9\",\"description\":\"\",\"publisher\":{\"@id\":\"https:\\\/\\\/bois.maisoninterbois.com\\\/#organization\"},\"potentialAction\":[{\"@type\":\"SearchAction\",\"target\":{\"@type\":\"EntryPoint\",\"urlTemplate\":\"https:\\\/\\\/bois.maisoninterbois.com\\\/?s={search_term_string}\"},\"query-input\":{\"@type\":\"PropertyValueSpecification\",\"valueRequired\":true,\"valueName\":\"search_term_string\"}}],\"inLanguage\":\"ar\"},{\"@type\":\"Organization\",\"@id\":\"https:\\\/\\\/bois.maisoninterbois.com\\\/#organization\",\"name\":\"INTERBOIS BOIS ET D\u00c9RIV\u00c9\",\"url\":\"https:\\\/\\\/bois.maisoninterbois.com\\\/\",\"logo\":{\"@type\":\"ImageObject\",\"inLanguage\":\"ar\",\"@id\":\"https:\\\/\\\/bois.maisoninterbois.com\\\/#\\\/schema\\\/logo\\\/image\\\/\",\"url\":\"https:\\\/\\\/bois.maisoninterbois.com\\\/wp-content\\\/uploads\\\/2025\\\/07\\\/Logo_Interbois_Bois_Black-removebg-preview.png\",\"contentUrl\":\"https:\\\/\\\/bois.maisoninterbois.com\\\/wp-content\\\/uploads\\\/2025\\\/07\\\/Logo_Interbois_Bois_Black-removebg-preview.png\",\"width\":693,\"height\":169,\"caption\":\"INTERBOIS BOIS ET D\u00c9RIV\u00c9\"},\"image\":{\"@id\":\"https:\\\/\\\/bois.maisoninterbois.com\\\/#\\\/schema\\\/logo\\\/image\\\/\"}}]}<\/script>\n<!-- \/ Yoast SEO plugin. -->","yoast_head_json":{"title":"Panneaux de Coffrage - INTERBOIS BOIS ET D\u00c9RIV\u00c9","description":"Fond\u00e9e en 1979, Interbois est une soci\u00e9t\u00e9 reconnue pour son expertise dans la vente en gros de bois et de produits d\u00e9riv\u00e9s. Depuis plus de 40 ans","robots":{"index":"index","follow":"follow","max-snippet":"max-snippet:-1","max-image-preview":"max-image-preview:large","max-video-preview":"max-video-preview:-1"},"canonical":"https:\/\/bois.maisoninterbois.com\/ar\/product\/panneaux-de-coffrage\/","og_locale":"ar_AR","og_type":"article","og_title":"Panneaux de Coffrage - INTERBOIS BOIS ET D\u00c9RIV\u00c9","og_description":"Fond\u00e9e en 1979, Interbois est une soci\u00e9t\u00e9 reconnue pour son expertise dans la vente en gros de bois et de produits d\u00e9riv\u00e9s. Depuis plus de 40 ans","og_url":"https:\/\/bois.maisoninterbois.com\/ar\/product\/panneaux-de-coffrage\/","og_site_name":"INTERBOIS BOIS ET D\u00c9RIV\u00c9","article_modified_time":"2026-01-19T13:02:16+00:00","og_image":[{"width":1080,"height":1080,"url":"https:\/\/bois.maisoninterbois.com\/wp-content\/uploads\/2025\/07\/Design-sans-titre-1-2.png","type":"image\/png"}],"twitter_card":"summary_large_image","twitter_misc":{"\u0648\u0642\u062a \u0627\u0644\u0642\u0631\u0627\u0621\u0629 \u0627\u0644\u0645\u064f\u0642\u062f\u0651\u0631":"\u062f\u0642\u064a\u0642\u0629 \u0648\u0627\u062d\u062f\u0629"},"schema":{"@context":"https:\/\/schema.org","@graph":[{"@type":"WebPage","@id":"https:\/\/bois.maisoninterbois.com\/product\/panneaux-de-coffrage\/","url":"https:\/\/bois.maisoninterbois.com\/product\/panneaux-de-coffrage\/","name":"Panneaux de Coffrage - INTERBOIS BOIS ET D\u00c9RIV\u00c9","isPartOf":{"@id":"https:\/\/bois.maisoninterbois.com\/#website"},"primaryImageOfPage":{"@id":"https:\/\/bois.maisoninterbois.com\/product\/panneaux-de-coffrage\/#primaryimage"},"image":{"@id":"https:\/\/bois.maisoninterbois.com\/product\/panneaux-de-coffrage\/#primaryimage"},"thumbnailUrl":"https:\/\/bois.maisoninterbois.com\/wp-content\/uploads\/2025\/07\/Design-sans-titre-1-2.png","datePublished":"2025-07-30T11:11:53+00:00","dateModified":"2026-01-19T13:02:16+00:00","description":"Fond\u00e9e en 1979, Interbois est une soci\u00e9t\u00e9 reconnue pour son expertise dans la vente en gros de bois et de produits d\u00e9riv\u00e9s. Depuis plus de 40 ans","breadcrumb":{"@id":"https:\/\/bois.maisoninterbois.com\/product\/panneaux-de-coffrage\/#breadcrumb"},"inLanguage":"ar","potentialAction":[{"@type":"ReadAction","target":["https:\/\/bois.maisoninterbois.com\/product\/panneaux-de-coffrage\/"]}]},{"@type":"ImageObject","inLanguage":"ar","@id":"https:\/\/bois.maisoninterbois.com\/product\/panneaux-de-coffrage\/#primaryimage","url":"https:\/\/bois.maisoninterbois.com\/wp-content\/uploads\/2025\/07\/Design-sans-titre-1-2.png","contentUrl":"https:\/\/bois.maisoninterbois.com\/wp-content\/uploads\/2025\/07\/Design-sans-titre-1-2.png","width":1080,"height":1080},{"@type":"BreadcrumbList","@id":"https:\/\/bois.maisoninterbois.com\/product\/panneaux-de-coffrage\/#breadcrumb","itemListElement":[{"@type":"ListItem","position":1,"name":"Accueil","item":"https:\/\/bois.maisoninterbois.com\/"},{"@type":"ListItem","position":2,"name":"Produits","item":"https:\/\/bois.maisoninterbois.com\/produits\/"},{"@type":"ListItem","position":3,"name":"Panneaux de Coffrage"}]},{"@type":"WebSite","@id":"https:\/\/bois.maisoninterbois.com\/#website","url":"https:\/\/bois.maisoninterbois.com\/","name":"INTERBOIS BOIS ET D\u00c9RIV\u00c9","description":"","publisher":{"@id":"https:\/\/bois.maisoninterbois.com\/#organization"},"potentialAction":[{"@type":"SearchAction","target":{"@type":"EntryPoint","urlTemplate":"https:\/\/bois.maisoninterbois.com\/?s={search_term_string}"},"query-input":{"@type":"PropertyValueSpecification","valueRequired":true,"valueName":"search_term_string"}}],"inLanguage":"ar"},{"@type":"Organization","@id":"https:\/\/bois.maisoninterbois.com\/#organization","name":"INTERBOIS BOIS ET D\u00c9RIV\u00c9","url":"https:\/\/bois.maisoninterbois.com\/","logo":{"@type":"ImageObject","inLanguage":"ar","@id":"https:\/\/bois.maisoninterbois.com\/#\/schema\/logo\/image\/","url":"https:\/\/bois.maisoninterbois.com\/wp-content\/uploads\/2025\/07\/Logo_Interbois_Bois_Black-removebg-preview.png","contentUrl":"https:\/\/bois.maisoninterbois.com\/wp-content\/uploads\/2025\/07\/Logo_Interbois_Bois_Black-removebg-preview.png","width":693,"height":169,"caption":"INTERBOIS BOIS ET D\u00c9RIV\u00c9"},"image":{"@id":"https:\/\/bois.maisoninterbois.com\/#\/schema\/logo\/image\/"}}]}},"_links":{"self":[{"href":"https:\/\/bois.maisoninterbois.com\/ar\/wp-json\/wp\/v2\/product\/2835","targetHints":{"allow":["GET"]}}],"collection":[{"href":"https:\/\/bois.maisoninterbois.com\/ar\/wp-json\/wp\/v2\/product"}],"about":[{"href":"https:\/\/bois.maisoninterbois.com\/ar\/wp-json\/wp\/v2\/types\/product"}],"replies":[{"embeddable":true,"href":"https:\/\/bois.maisoninterbois.com\/ar\/wp-json\/wp\/v2\/comments?post=2835"}],"wp:featuredmedia":[{"embeddable":true,"href":"https:\/\/bois.maisoninterbois.com\/ar\/wp-json\/wp\/v2\/media\/3353"}],"wp:attachment":[{"href":"https:\/\/bois.maisoninterbois.com\/ar\/wp-json\/wp\/v2\/media?parent=2835"}],"wp:term":[{"taxonomy":"product_brand","embeddable":true,"href":"https:\/\/bois.maisoninterbois.com\/ar\/wp-json\/wp\/v2\/product_brand?post=2835"},{"taxonomy":"product_cat","embeddable":true,"href":"https:\/\/bois.maisoninterbois.com\/ar\/wp-json\/wp\/v2\/product_cat?post=2835"},{"taxonomy":"product_tag","embeddable":true,"href":"https:\/\/bois.maisoninterbois.com\/ar\/wp-json\/wp\/v2\/product_tag?post=2835"}],"curies":[{"name":"wp","href":"https:\/\/api.w.org\/{rel}","templated":true}]}}